{"id":612,"date":"2021-03-26T10:04:13","date_gmt":"2021-03-26T10:04:13","guid":{"rendered":"http:\/\/localhost\/nuss\/?page_id=612"},"modified":"2025-12-04T13:42:22","modified_gmt":"2025-12-04T13:42:22","slug":"ristorante","status":"publish","type":"page","link":"https:\/\/toystoryhotelshanghai.com\/it\/restaurant\/","title":{"rendered":"Ristorante"},"content":{"rendered":"<div data-elementor-type=\"wp-page\" data-elementor-id=\"612\" class=\"elementor elementor-612\">\n\t\t\t\t\t\t<section class=\"elementor-section elementor-top-section elementor-element elementor-element-e2effe8 elementor-section-boxed elementor-section-gap-beside-yes elementor-section-height-default elementor-section-height-default elementor-section-column-vertical-align-stretch\" data-id=\"e2effe8\" data-element_type=\"section\" data-e-type=\"section\">\n\t\t\t\t\t\t<div class=\"elementor-container elementor-column-gap-extended\">\n\t\t\t\t\t<div class=\"elementor-column elementor-col-100 elementor-top-column elementor-element elementor-element-e18f688\" data-id=\"e18f688\" data-element_type=\"column\" data-e-type=\"column\">\n\t\t\t<div class=\"elementor-widget-wrap elementor-element-populated\">\n\t\t\t\t\t\t<div class=\"elementor-element elementor-element-6db146d elementor-widget__width-initial elementor-invisible elementor-widget elementor-widget-text-editor\" data-id=\"6db146d\" data-element_type=\"widget\" data-e-type=\"widget\" data-settings=\"{&quot;_animation&quot;:&quot;nussFadeInUp&quot;}\" data-widget_type=\"text-editor.default\">\n\t\t\t\t<div class=\"elementor-widget-container\">\n\t\t\t\t\t\t\t\t\t<p>Benvenuti nell&#039;incantevole mondo della ristorazione del Toy Story Hotel \u2013 \u73a9\u5177\u7e3d\u52d5\u54e1\u9152\u5e97, situato in 360 Shendi W Rd, Pudong, Shanghai, Cina, 200122, all&#039;interno del magico regno dello Shanghai Disneyland Resort.<\/p>\t\t\t\t\t\t\t\t<\/div>\n\t\t\t\t<\/div>\n\t\t\t\t\t<\/div>\n\t\t<\/div>\n\t\t\t\t\t<\/div>\n\t\t<\/section>\n\t\t<div class=\"elementor-element elementor-element-7e1a9b4 e-flex e-con-boxed e-con e-parent\" data-id=\"7e1a9b4\" data-element_type=\"container\" data-e-type=\"container\">\n\t\t\t\t\t<div class=\"e-con-inner\">\n\t\t<div class=\"elementor-element elementor-element-606ad87 e-con-full e-flex e-con e-child\" data-id=\"606ad87\" data-element_type=\"container\" data-e-type=\"container\">\n\t\t\t\t<div class=\"elementor-element elementor-element-e247acb elementor-widget elementor-widget-image\" data-id=\"e247acb\" data-element_type=\"widget\" data-e-type=\"widget\" data-widget_type=\"image.default\">\n\t\t\t\t<div class=\"elementor-widget-container\">\n\t\t\t\t\t\t\t\t\t\t\t\t\t\t\t<img fetchpriority=\"high\" decoding=\"async\" width=\"1024\" height=\"682\" src=\"https:\/\/toystoryhotelshanghai.com\/wp-content\/uploads\/2025\/06\/toy-story-hotel-shanghai-1-1024x682.webp\" class=\"attachment-large size-large wp-image-5602\" alt=\"\" srcset=\"https:\/\/toystoryhotelshanghai.com\/wp-content\/uploads\/2025\/06\/toy-story-hotel-shanghai-1-1024x682.webp 1024w, https:\/\/toystoryhotelshanghai.com\/wp-content\/uploads\/2025\/06\/toy-story-hotel-shanghai-1-300x200.webp 300w, https:\/\/toystoryhotelshanghai.com\/wp-content\/uploads\/2025\/06\/toy-story-hotel-shanghai-1-768x512.webp 768w, https:\/\/toystoryhotelshanghai.com\/wp-content\/uploads\/2025\/06\/toy-story-hotel-shanghai-1-18x12.webp 18w, https:\/\/toystoryhotelshanghai.com\/wp-content\/uploads\/2025\/06\/toy-story-hotel-shanghai-1.webp 1280w\" sizes=\"(max-width: 1024px) 100vw, 1024px\" \/>\t\t\t\t\t\t\t\t\t\t\t\t\t\t\t<\/div>\n\t\t\t\t<\/div>\n\t\t\t\t<\/div>\n\t\t<div class=\"elementor-element elementor-element-bfbaffe e-con-full e-flex e-con e-child\" data-id=\"bfbaffe\" data-element_type=\"container\" data-e-type=\"container\">\n\t\t\t\t<div class=\"elementor-element elementor-element-607ddde elementor-widget elementor-widget-text-editor\" data-id=\"607ddde\" data-element_type=\"widget\" data-e-type=\"widget\" data-widget_type=\"text-editor.default\">\n\t\t\t\t<div class=\"elementor-widget-container\">\n\t\t\t\t\t\t\t\t\t<p>Questo hotel stravagante, ispirato all&#039;amato film della Pixar <em>Toy Story<\/em> Il franchise non solo offre un soggiorno divertente, ma offre anche una deliziosa esperienza culinaria che cattura il divertimento e la nostalgia di Woody, Buzz Lightyear e dei loro amici. Che siate una famiglia in visita a Shanghai Disneyland, una coppia in cerca di un&#039;esperienza culinaria unica o un viaggiatore solitario in esplorazione di Pudong, le opzioni di ristorazione del Toy Story Hotel promettono di stuzzicare il vostro palato con un mix di sapori internazionali, cucina cinese locale e magia a tema. Immergetevi in un mondo di sapori e divertimento esplorando gli eccezionali servizi di ristorazione di questo hotel di Shanghai unico nel suo genere, perfetto sia per i fan Disney che per gli amanti della buona cucina.<\/p>\t\t\t\t\t\t\t\t<\/div>\n\t\t\t\t<\/div>\n\t\t\t\t<\/div>\n\t\t\t\t\t<\/div>\n\t\t\t\t<\/div>\n\t\t<div class=\"elementor-element elementor-element-ef609c2 e-flex e-con-boxed e-con e-parent\" data-id=\"ef609c2\" data-element_type=\"container\" data-e-type=\"container\">\n\t\t\t\t\t<div class=\"e-con-inner\">\n\t\t<div class=\"elementor-element elementor-element-3a73099 e-con-full e-flex e-con e-child\" data-id=\"3a73099\" data-element_type=\"container\" data-e-type=\"container\">\n\t\t\t\t<div class=\"elementor-element elementor-element-5e05ae0 elementor-widget elementor-widget-text-editor\" data-id=\"5e05ae0\" data-element_type=\"widget\" data-e-type=\"widget\" data-widget_type=\"text-editor.default\">\n\t\t\t\t<div class=\"elementor-widget-container\">\n\t\t\t\t\t\t\t\t\t<p>Il cuore dell&#039;esperienza culinaria del Toy Story Hotel \u00e8 il <em>Sunnyside Cafe<\/em>, un vivace ristorante a buffet che prende il nome dall&#039;iconico asilo nido di <em>Toy Story 3<\/em>Questo ristorante per famiglie \u00e8 progettato per immergere gli ospiti nell&#039;atmosfera colorata e giocosa del <em>Toy Story<\/em> universo, con decorazioni che fanno rivivere il fascino dei giocattoli di Andy. L&#039; <em>Sunnyside Cafe<\/em> Offre un ampio men\u00f9 che fonde piatti occidentali e asiatici, garantendo un&#039;esperienza culinaria per tutti, dai palati pi\u00f9 esigenti ai buongustai pi\u00f9 avventurosi. Assaporate i classici comfort food come soffici pancake e succulenti hamburger, oltre ad autentiche specialit\u00e0 cinesi come dim sum e noodles saltati in padella. Con buffet giornalieri per colazione, pranzo e cena, questo ristorante \u00e8 un punto di riferimento per gli ospiti che soggiornano in hotel o che visitano Shanghai Disneyland, offrendo un&#039;opzione comoda e deliziosa a pochi passi dal parco.<\/p><p>Per chi \u00e8 in movimento o cerca uno spuntino veloce tra le avventure del parco a tema, il <em>Toy Box Cafe<\/em> Il Toy Story Hotel offre una deliziosa esperienza &quot;prendi e vai&quot;. Perfettamente a tema per riflettere lo spirito giocoso di una scatola di giocattoli, questo locale informale serve una vasta gamma di spuntini leggeri, pasticcini, panini e bevande rinfrescanti. Che vi stiate preparando per una giornata di giostre e incontri con i personaggi o che vi stiate concedendo uno spuntino a tarda notte dopo aver esplorato Shanghai Disneyland, il <em>Toy Box Cafe<\/em> Non sarete mai lontani da un gustoso spuntino. \u00c8 la scelta ideale per le famiglie in cerca di pasti adatti ai bambini o per i viaggiatori che cercano uno spuntino veloce ed economico a Pudong, Shanghai.<\/p>\t\t\t\t\t\t\t\t<\/div>\n\t\t\t\t<\/div>\n\t\t\t\t<\/div>\n\t\t<div class=\"elementor-element elementor-element-3ce9046 e-con-full e-flex e-con e-child\" data-id=\"3ce9046\" data-element_type=\"container\" data-e-type=\"container\">\n\t\t\t\t<div class=\"elementor-element elementor-element-6deffbc elementor-widget elementor-widget-image\" data-id=\"6deffbc\" data-element_type=\"widget\" data-e-type=\"widget\" data-widget_type=\"image.default\">\n\t\t\t\t<div class=\"elementor-widget-container\">\n\t\t\t\t\t\t\t\t\t\t\t\t\t\t\t<img decoding=\"async\" width=\"1024\" height=\"682\" src=\"https:\/\/toystoryhotelshanghai.com\/wp-content\/uploads\/2025\/06\/toy-story-hotel-shanghai-31-1024x682.webp\" class=\"attachment-large size-large wp-image-5578\" alt=\"\" srcset=\"https:\/\/toystoryhotelshanghai.com\/wp-content\/uploads\/2025\/06\/toy-story-hotel-shanghai-31-1024x682.webp 1024w, https:\/\/toystoryhotelshanghai.com\/wp-content\/uploads\/2025\/06\/toy-story-hotel-shanghai-31-300x200.webp 300w, https:\/\/toystoryhotelshanghai.com\/wp-content\/uploads\/2025\/06\/toy-story-hotel-shanghai-31-768x512.webp 768w, https:\/\/toystoryhotelshanghai.com\/wp-content\/uploads\/2025\/06\/toy-story-hotel-shanghai-31-18x12.webp 18w, https:\/\/toystoryhotelshanghai.com\/wp-content\/uploads\/2025\/06\/toy-story-hotel-shanghai-31.webp 1280w\" sizes=\"(max-width: 1024px) 100vw, 1024px\" \/>\t\t\t\t\t\t\t\t\t\t\t\t\t\t\t<\/div>\n\t\t\t\t<\/div>\n\t\t\t\t<\/div>\n\t\t\t\t\t<\/div>\n\t\t\t\t<\/div>\n\t\t<div class=\"elementor-element elementor-element-119489d e-flex e-con-boxed e-con e-parent\" data-id=\"119489d\" data-element_type=\"container\" data-e-type=\"container\">\n\t\t\t\t\t<div class=\"e-con-inner\">\n\t\t<div class=\"elementor-element elementor-element-6a35f06 e-con-full e-flex e-con e-child\" data-id=\"6a35f06\" data-element_type=\"container\" data-e-type=\"container\">\n\t\t\t\t<div class=\"elementor-element elementor-element-ae20d82 elementor-widget elementor-widget-image\" data-id=\"ae20d82\" data-element_type=\"widget\" data-e-type=\"widget\" data-widget_type=\"image.default\">\n\t\t\t\t<div class=\"elementor-widget-container\">\n\t\t\t\t\t\t\t\t\t\t\t\t\t\t\t<img decoding=\"async\" width=\"1024\" height=\"682\" src=\"https:\/\/toystoryhotelshanghai.com\/wp-content\/uploads\/2025\/06\/toy-story-hotel-shanghai-34-1024x682.webp\" class=\"attachment-large size-large wp-image-5581\" alt=\"\" srcset=\"https:\/\/toystoryhotelshanghai.com\/wp-content\/uploads\/2025\/06\/toy-story-hotel-shanghai-34-1024x682.webp 1024w, https:\/\/toystoryhotelshanghai.com\/wp-content\/uploads\/2025\/06\/toy-story-hotel-shanghai-34-300x200.webp 300w, https:\/\/toystoryhotelshanghai.com\/wp-content\/uploads\/2025\/06\/toy-story-hotel-shanghai-34-768x512.webp 768w, https:\/\/toystoryhotelshanghai.com\/wp-content\/uploads\/2025\/06\/toy-story-hotel-shanghai-34-18x12.webp 18w, https:\/\/toystoryhotelshanghai.com\/wp-content\/uploads\/2025\/06\/toy-story-hotel-shanghai-34.webp 1280w\" sizes=\"(max-width: 1024px) 100vw, 1024px\" \/>\t\t\t\t\t\t\t\t\t\t\t\t\t\t\t<\/div>\n\t\t\t\t<\/div>\n\t\t\t\t<\/div>\n\t\t<div class=\"elementor-element elementor-element-62ab2b7 e-con-full e-flex e-con e-child\" data-id=\"62ab2b7\" data-element_type=\"container\" data-e-type=\"container\">\n\t\t\t\t<div class=\"elementor-element elementor-element-bde379a elementor-widget elementor-widget-text-editor\" data-id=\"bde379a\" data-element_type=\"widget\" data-e-type=\"widget\" data-widget_type=\"text-editor.default\">\n\t\t\t\t<div class=\"elementor-widget-container\">\n\t\t\t\t\t\t\t\t\t<p>Ci\u00f2 che distingue la ristorazione del Toy Story Hotel \u00e8 il suo impegno nel creare momenti magici attraverso il cibo. Il team culinario dell&#039;hotel fa di tutto per soddisfare le diverse esigenze alimentari, offrendo su richiesta opzioni vegetariane, senza glutine e per persone con allergie. Questa dedizione all&#039;inclusivit\u00e0 garantisce che ogni ospite, indipendentemente dalle preferenze alimentari, possa gustare un pasto memorabile. Inoltre, l&#039;hotel offre il servizio di ristorazione in camera per coloro che preferiscono rilassarsi nelle loro sistemazioni a tema dopo un&#039;emozionante giornata a Shanghai Disneyland. Immagina di gustare un pasto caldo o un dolce dessert circondato dalle decorazioni giocose di Woody&#039;s Roundup o Buzz&#039;s Star Command: pura magia Disney a portata di mano.<\/p><p>L&#039;esperienza culinaria al Toy Story Hotel non riguarda solo il cibo; si tratta di creare ricordi indelebili. Eventi stagionali e opportunit\u00e0 di cenare con i personaggi si svolgono spesso presso il Toy Story Hotel. <em>Sunnyside Cafe<\/em>, dove gli ospiti potrebbero incontrare gli amati <em>Toy Story<\/em> Personaggi come Woody o Jessie durante il pasto. Queste interazioni uniche aggiungono un ulteriore livello di emozione, rendendo ogni momento culinario un momento prezioso della vostra vacanza a Shanghai Disneyland. Per le famiglie in visita a Shanghai, questa \u00e8 un&#039;occasione imperdibile per combinare una cucina deliziosa con il piacere delle storie Disney, il tutto nel comfort di un ristorante a tema.<\/p>\t\t\t\t\t\t\t\t<\/div>\n\t\t\t\t<\/div>\n\t\t\t\t<\/div>\n\t\t\t\t\t<\/div>\n\t\t\t\t<\/div>\n\t\t<div class=\"elementor-element elementor-element-19624fe e-flex e-con-boxed e-con e-parent\" data-id=\"19624fe\" data-element_type=\"container\" data-e-type=\"container\">\n\t\t\t\t\t<div class=\"e-con-inner\">\n\t\t<div class=\"elementor-element elementor-element-4cb096b e-con-full e-flex e-con e-child\" data-id=\"4cb096b\" data-element_type=\"container\" data-e-type=\"container\">\n\t\t\t\t<div class=\"elementor-element elementor-element-976e4b4 elementor-widget elementor-widget-text-editor\" data-id=\"976e4b4\" data-element_type=\"widget\" data-e-type=\"widget\" data-widget_type=\"text-editor.default\">\n\t\t\t\t<div class=\"elementor-widget-container\">\n\t\t\t\t\t\t\t\t\t<p>Situato in posizione strategica vicino a Shanghai Disneyland, il ristorante del Toy Story Hotel \u00e8 perfetto sia per gli ospiti dell&#039;hotel che per i visitatori giornalieri in cerca di un ristorante a tema a Pudong. La vicinanza dell&#039;hotel al parco, unita al servizio navetta gratuito, vi permetter\u00e0 di gustare facilmente un pasto abbondante presso <em>Sunnyside Cafe<\/em> o uno spuntino veloce a <em>Toy Box Cafe<\/em> Senza perdersi nemmeno un momento della magia Disney. Oltre al cibo, il personale caloroso e accogliente del Toy Story Hotel garantisce che ogni esperienza culinaria sia accompagnata da un servizio eccezionale, a testimonianza della rinomata ospitalit\u00e0 dei resort Disney in tutto il mondo.<\/p><p>Per chi cerca i migliori ristoranti per famiglie a Shanghai o esperienze culinarie uniche vicino a Shanghai Disneyland, il Toy Story Hotel \u2013 \u73a9\u5177\u7e3d\u52d5\u54e1\u9152\u5e97 si distingue come una scelta eccellente. L&#039;atmosfera a tema, il men\u00f9 variegato e la dedizione alla soddisfazione degli ospiti lo rendono una meta imperdibile per chiunque esplori Pudong o stia pianificando una vacanza Disney in Cina. Che abbiate voglia di sapori internazionali, autentici piatti cinesi o semplicemente di un pasto divertente con la vostra dolce met\u00e0. <em>Toy Story<\/em> personaggi, le opzioni di ristorazione di questo hotel di Shanghai regalano un viaggio culinario indimenticabile.<\/p><p>Quindi, se state programmando un viaggio a Shanghai Disneyland o cercate un&#039;esperienza culinaria magica a Pudong, non cercate oltre: i ristoranti del Toy Story Hotel fanno al caso vostro. Prenotate il vostro soggiorno o organizzate la vostra visita al 360 Shendi W Rd, Shanghai, Cina, 200122, e lasciatevi conquistare dai sapori di <em>Toy Story<\/em> Dai vita alla tua avventura Disney. Dai buffet ai pasti veloci, ogni pasto qui \u00e8 una celebrazione del divertimento, della famiglia e del fascino senza tempo degli iconici giocattoli Pixar. Arriva affamato, riparti felice e fai del Toy Story Hotel un momento clou del tuo itinerario di viaggio a Shanghai!<\/p>\t\t\t\t\t\t\t\t<\/div>\n\t\t\t\t<\/div>\n\t\t\t\t<\/div>\n\t\t<div class=\"elementor-element elementor-element-2013852 e-con-full e-flex e-con e-child\" data-id=\"2013852\" data-element_type=\"container\" data-e-type=\"container\">\n\t\t\t\t<div class=\"elementor-element elementor-element-2fc90a2 elementor-widget elementor-widget-image\" data-id=\"2fc90a2\" data-element_type=\"widget\" data-e-type=\"widget\" data-widget_type=\"image.default\">\n\t\t\t\t<div class=\"elementor-widget-container\">\n\t\t\t\t\t\t\t\t\t\t\t\t\t\t\t<img loading=\"lazy\" decoding=\"async\" width=\"1024\" height=\"682\" src=\"https:\/\/toystoryhotelshanghai.com\/wp-content\/uploads\/2025\/06\/toy-story-hotel-shanghai-13-1024x682.webp\" class=\"attachment-large size-large wp-image-5560\" alt=\"\" srcset=\"https:\/\/toystoryhotelshanghai.com\/wp-content\/uploads\/2025\/06\/toy-story-hotel-shanghai-13-1024x682.webp 1024w, https:\/\/toystoryhotelshanghai.com\/wp-content\/uploads\/2025\/06\/toy-story-hotel-shanghai-13-300x200.webp 300w, https:\/\/toystoryhotelshanghai.com\/wp-content\/uploads\/2025\/06\/toy-story-hotel-shanghai-13-768x512.webp 768w, https:\/\/toystoryhotelshanghai.com\/wp-content\/uploads\/2025\/06\/toy-story-hotel-shanghai-13-18x12.webp 18w, https:\/\/toystoryhotelshanghai.com\/wp-content\/uploads\/2025\/06\/toy-story-hotel-shanghai-13.webp 1280w\" sizes=\"(max-width: 1024px) 100vw, 1024px\" \/>\t\t\t\t\t\t\t\t\t\t\t\t\t\t\t<\/div>\n\t\t\t\t<\/div>\n\t\t\t\t<\/div>\n\t\t\t\t\t<\/div>\n\t\t\t\t<\/div>\n\t\t\t\t<\/div>","protected":false},"excerpt":{"rendered":"<p>Welcome to the enchanting world of dining at Toy Story Hotel &#8211; \u73a9\u5177\u7e3d\u52d5\u54e1\u9152\u5e97, located at 360 Shendi W Rd, Pudong, Shanghai, China, 200122, within the magical realm of Shanghai Disneyland Resort. This whimsical hotel, inspired by Pixar\u2019s beloved Toy Story franchise, not only offers a playful stay but also serves up a delightful culinary experience [&hellip;]<\/p>\n","protected":false},"author":1,"featured_media":0,"parent":0,"menu_order":0,"comment_status":"closed","ping_status":"closed","template":"","meta":{"footnotes":""},"class_list":["post-612","page","type-page","status-publish","hentry","post-no-thumbnail"],"_links":{"self":[{"href":"https:\/\/toystoryhotelshanghai.com\/it\/wp-json\/wp\/v2\/pages\/612","targetHints":{"allow":["GET"]}}],"collection":[{"href":"https:\/\/toystoryhotelshanghai.com\/it\/wp-json\/wp\/v2\/pages"}],"about":[{"href":"https:\/\/toystoryhotelshanghai.com\/it\/wp-json\/wp\/v2\/types\/page"}],"author":[{"embeddable":true,"href":"https:\/\/toystoryhotelshanghai.com\/it\/wp-json\/wp\/v2\/users\/1"}],"replies":[{"embeddable":true,"href":"https:\/\/toystoryhotelshanghai.com\/it\/wp-json\/wp\/v2\/comments?post=612"}],"version-history":[{"count":0,"href":"https:\/\/toystoryhotelshanghai.com\/it\/wp-json\/wp\/v2\/pages\/612\/revisions"}],"wp:attachment":[{"href":"https:\/\/toystoryhotelshanghai.com\/it\/wp-json\/wp\/v2\/media?parent=612"}],"curies":[{"name":"parola chiave","href":"https:\/\/api.w.org\/{rel}","templated":true}]}}