{"id":5266,"date":"2021-07-18T08:03:35","date_gmt":"2021-07-18T08:03:35","guid":{"rendered":"https:\/\/nuss.uxper.co\/luxury-resort\/?page_id=5266"},"modified":"2025-12-04T13:41:40","modified_gmt":"2025-12-04T13:41:40","slug":"chi-siamo","status":"publish","type":"page","link":"https:\/\/toystoryhotelshanghai.com\/it\/about-us\/","title":{"rendered":"Chi siamo"},"content":{"rendered":"<div data-elementor-type=\"wp-page\" data-elementor-id=\"5266\" class=\"elementor elementor-5266\">\n\t\t\t\t\t\t<section class=\"elementor-section elementor-top-section elementor-element elementor-element-10416953 elementor-section-boxed elementor-section-gap-beside-yes elementor-section-height-default elementor-section-height-default elementor-section-column-vertical-align-stretch\" data-id=\"10416953\" data-element_type=\"section\" data-e-type=\"section\">\n\t\t\t\t\t\t<div class=\"elementor-container elementor-column-gap-extended\">\n\t\t\t\t\t<div class=\"elementor-column elementor-col-100 elementor-top-column elementor-element elementor-element-29c6aa8\" data-id=\"29c6aa8\" data-element_type=\"column\" data-e-type=\"column\">\n\t\t\t<div class=\"elementor-widget-wrap elementor-element-populated\">\n\t\t\t\t\t\t<div class=\"elementor-element elementor-element-7be18fe7 elementor-widget__width-initial elementor-invisible elementor-widget elementor-widget-text-editor\" data-id=\"7be18fe7\" data-element_type=\"widget\" data-e-type=\"widget\" data-settings=\"{&quot;_animation&quot;:&quot;nussFadeInUp&quot;}\" data-widget_type=\"text-editor.default\">\n\t\t\t\t<div class=\"elementor-widget-container\">\n\t\t\t\t\t\t\t\t\t<p>Benvenuti nel mondo stravagante di <strong>Toy Story Hotel \u2013 \u73a9\u5177\u7e3d\u52d5\u54e1\u9152\u5e97<\/strong>, dove l&#039;immaginazione prende vita e ogni soggiorno \u00e8 un&#039;avventura!<\/p>\t\t\t\t\t\t\t\t<\/div>\n\t\t\t\t<\/div>\n\t\t\t\t\t<\/div>\n\t\t<\/div>\n\t\t\t\t\t<\/div>\n\t\t<\/section>\n\t\t\t\t<section class=\"elementor-section elementor-top-section elementor-element elementor-element-7d18327f elementor-section-boxed elementor-section-gap-beside-yes elementor-section-height-default elementor-section-height-default elementor-section-column-vertical-align-stretch\" data-id=\"7d18327f\" data-element_type=\"section\" data-e-type=\"section\">\n\t\t\t\t\t\t<div class=\"elementor-container elementor-column-gap-extended\">\n\t\t\t\t\t<div class=\"elementor-column elementor-col-50 elementor-top-column elementor-element elementor-element-56533670\" data-id=\"56533670\" data-element_type=\"column\" data-e-type=\"column\">\n\t\t\t<div class=\"elementor-widget-wrap elementor-element-populated\">\n\t\t\t\t\t\t<div class=\"elementor-element elementor-element-19c3f543 elementor-invisible elementor-widget elementor-widget-text-editor\" data-id=\"19c3f543\" data-element_type=\"widget\" data-e-type=\"widget\" data-settings=\"{&quot;_animation&quot;:&quot;nussFadeInUp&quot;}\" data-widget_type=\"text-editor.default\">\n\t\t\t\t<div class=\"elementor-widget-container\">\n\t\t\t\t\t\t\t\t\t<p>Immerso nel cuore di una destinazione vibrante, questo hotel unico nel suo genere porta con s\u00e9 i personaggi e le storie amati di Disney e Pixar <em>Toy Story<\/em> Il franchising direttamente a casa tua. Perfetto per famiglie, coppie e fan di tutte le et\u00e0, il Toy Story Hotel offre un&#039;esperienza immersiva che unisce un design giocoso, un&#039;ospitalit\u00e0 eccezionale e ricordi indimenticabili.<\/p>\t\t\t\t\t\t\t\t<\/div>\n\t\t\t\t<\/div>\n\t\t\t\t\t<\/div>\n\t\t<\/div>\n\t\t\t\t<div class=\"elementor-column elementor-col-50 elementor-top-column elementor-element elementor-element-30f14127\" data-id=\"30f14127\" data-element_type=\"column\" data-e-type=\"column\">\n\t\t\t<div class=\"elementor-widget-wrap elementor-element-populated\">\n\t\t\t\t\t\t<div class=\"elementor-element elementor-element-350da02e elementor-invisible nuss-elementor-loading nuss-slide-in-left elementor-widget elementor-widget-image\" data-id=\"350da02e\" data-element_type=\"widget\" data-e-type=\"widget\" data-settings=\"{&quot;_animation&quot;:&quot;nussSlideInLeft&quot;}\" data-widget_type=\"image.default\">\n\t\t\t\t<div class=\"elementor-widget-container\">\n\t\t\t\t\t\t\t\t\t\t\t\t\t\t\t<img fetchpriority=\"high\" decoding=\"async\" width=\"989\" height=\"853\" src=\"https:\/\/toystoryhotelshanghai.com\/wp-content\/uploads\/2025\/06\/toy-story-hotel-shanghai-62.webp\" class=\"attachment-full size-full wp-image-5610\" alt=\"\" srcset=\"https:\/\/toystoryhotelshanghai.com\/wp-content\/uploads\/2025\/06\/toy-story-hotel-shanghai-62.webp 989w, https:\/\/toystoryhotelshanghai.com\/wp-content\/uploads\/2025\/06\/toy-story-hotel-shanghai-62-300x259.webp 300w, https:\/\/toystoryhotelshanghai.com\/wp-content\/uploads\/2025\/06\/toy-story-hotel-shanghai-62-768x662.webp 768w, https:\/\/toystoryhotelshanghai.com\/wp-content\/uploads\/2025\/06\/toy-story-hotel-shanghai-62-14x12.webp 14w\" sizes=\"(max-width: 989px) 100vw, 989px\" \/>\t\t\t\t\t\t\t\t\t\t\t\t\t\t\t<\/div>\n\t\t\t\t<\/div>\n\t\t\t\t\t<\/div>\n\t\t<\/div>\n\t\t\t\t\t<\/div>\n\t\t<\/section>\n\t\t\t\t<section class=\"elementor-section elementor-top-section elementor-element elementor-element-29fb8578 elementor-section-height-min-height elementor-section-stretched elementor-section-full_width elementor-section-items-stretch elementor-section-height-default elementor-section-column-vertical-align-stretch\" data-id=\"29fb8578\" data-element_type=\"section\" data-e-type=\"section\" data-settings=\"{&quot;stretch_section&quot;:&quot;section-stretched&quot;}\">\n\t\t\t\t\t\t<div class=\"elementor-container elementor-column-gap-no\">\n\t\t\t\t\t<div class=\"elementor-column elementor-col-50 elementor-top-column elementor-element elementor-element-40ac270b\" data-id=\"40ac270b\" data-element_type=\"column\" data-e-type=\"column\">\n\t\t\t<div class=\"elementor-widget-wrap elementor-element-populated\">\n\t\t\t\t\t\t<div class=\"elementor-element elementor-element-20872773 elementor-widget__width-initial elementor-widget-mobile__width-inherit elementor-invisible nuss-elementor-loading nuss-slide-in-right elementor-widget elementor-widget-image\" data-id=\"20872773\" data-element_type=\"widget\" data-e-type=\"widget\" data-settings=\"{&quot;_animation&quot;:&quot;nussSlideInRight&quot;}\" data-widget_type=\"image.default\">\n\t\t\t\t<div class=\"elementor-widget-container\">\n\t\t\t\t\t\t\t\t\t\t\t\t\t\t\t<img decoding=\"async\" width=\"1280\" height=\"853\" src=\"https:\/\/toystoryhotelshanghai.com\/wp-content\/uploads\/2025\/06\/toy-story-hotel-shanghai-60.webp\" class=\"attachment-full size-full wp-image-5608\" alt=\"\" srcset=\"https:\/\/toystoryhotelshanghai.com\/wp-content\/uploads\/2025\/06\/toy-story-hotel-shanghai-60.webp 1280w, https:\/\/toystoryhotelshanghai.com\/wp-content\/uploads\/2025\/06\/toy-story-hotel-shanghai-60-300x200.webp 300w, https:\/\/toystoryhotelshanghai.com\/wp-content\/uploads\/2025\/06\/toy-story-hotel-shanghai-60-1024x682.webp 1024w, https:\/\/toystoryhotelshanghai.com\/wp-content\/uploads\/2025\/06\/toy-story-hotel-shanghai-60-768x512.webp 768w, https:\/\/toystoryhotelshanghai.com\/wp-content\/uploads\/2025\/06\/toy-story-hotel-shanghai-60-18x12.webp 18w\" sizes=\"(max-width: 1280px) 100vw, 1280px\" \/>\t\t\t\t\t\t\t\t\t\t\t\t\t\t\t<\/div>\n\t\t\t\t<\/div>\n\t\t\t\t\t<\/div>\n\t\t<\/div>\n\t\t\t\t<div class=\"elementor-column elementor-col-50 elementor-top-column elementor-element elementor-element-2dac103\" data-id=\"2dac103\" data-element_type=\"column\" data-e-type=\"column\">\n\t\t\t<div class=\"elementor-widget-wrap elementor-element-populated\">\n\t\t\t\t\t\t<div class=\"elementor-element elementor-element-6f1b8966 elementor-invisible elementor-widget elementor-widget-text-editor\" data-id=\"6f1b8966\" data-element_type=\"widget\" data-e-type=\"widget\" data-settings=\"{&quot;_animation&quot;:&quot;nussFadeInUp&quot;}\" data-widget_type=\"text-editor.default\">\n\t\t\t\t<div class=\"elementor-widget-container\">\n\t\t\t\t\t\t\t\t\t<p>Entrando nell&#039;hotel, vi troverete immersi in un gigantesco contenitore di giocattoli, dove ogni angolo trasuda un fascino nostalgico e colori vivaci ispirati a Woody, Buzz Lightyear, Jessie e tutta la banda. Dal momento del check-in, vi sentirete come rimpiccioliti alle dimensioni di un giocattolo, circondati da mobili oversize, decorazioni giocose e camere a tema che vi trasporteranno direttamente nella camera da letto di Andy. Che stiate scattando foto con le statue dei personaggi iconici o esplorando le aree gioco interattive dell&#039;hotel, il divertimento non mancher\u00e0 di certo.<\/p><p>Situato nel magico regno dello Shanghai Disney Resort, il Toy Story Hotel \u2013 \u73a9\u5177\u7e3d\u52d5\u54e1\u9152\u5e97 \u00e8 a pochi passi dall&#039;emozione del Parco Disneyland, il che lo rende la base ideale per la vostra avventura Disney. Dopo un&#039;emozionante giornata al parco, tornate al comfort delle nostre sistemazioni per famiglie, dove ogni dettaglio, dalla biancheria da letto alle decorazioni murali, riflette il commovente spirito di <em>Toy Story<\/em>Concedetevi esperienze culinarie a tema che delizieranno grandi e piccini, oppure rilassatevi nelle nostre strutture ricreative pensate per continuare a divertirvi anche dopo la chiusura dei cancelli del parco.<\/p>\t\t\t\t\t\t\t\t<\/div>\n\t\t\t\t<\/div>\n\t\t\t\t\t<\/div>\n\t\t<\/div>\n\t\t\t\t\t<\/div>\n\t\t<\/section>\n\t\t\t\t<section class=\"elementor-section elementor-top-section elementor-element elementor-element-f862fed elementor-section-height-min-height elementor-section-stretched elementor-section-full_width elementor-section-items-stretch elementor-section-height-default elementor-section-column-vertical-align-stretch\" data-id=\"f862fed\" data-element_type=\"section\" data-e-type=\"section\" data-settings=\"{&quot;stretch_section&quot;:&quot;section-stretched&quot;}\">\n\t\t\t\t\t\t<div class=\"elementor-container elementor-column-gap-no\">\n\t\t\t\t\t<div class=\"elementor-column elementor-col-50 elementor-top-column elementor-element elementor-element-4e83c19\" data-id=\"4e83c19\" data-element_type=\"column\" data-e-type=\"column\">\n\t\t\t<div class=\"elementor-widget-wrap elementor-element-populated\">\n\t\t\t\t\t\t<div class=\"elementor-element elementor-element-f1c6c14 elementor-invisible elementor-widget elementor-widget-text-editor\" data-id=\"f1c6c14\" data-element_type=\"widget\" data-e-type=\"widget\" data-settings=\"{&quot;_animation&quot;:&quot;nussFadeInUp&quot;}\" data-widget_type=\"text-editor.default\">\n\t\t\t\t<div class=\"elementor-widget-container\">\n\t\t\t\t\t\t\t\t\t<p>Ci\u00f2 che distingue il Toy Story Hotel \u00e8 il suo impegno nel creare un soggiorno davvero immersivo. Ogni camera \u00e8 progettata con cura per farvi sentire parte della storia, con tocchi giocosi come servizi a tema giocattolo e sorprese dietro ogni angolo. Il nostro staff dedicato \u00e8 a vostra disposizione per garantire che il vostro soggiorno sia a dir poco magico, offrendo un servizio personalizzato per rendere la vostra vacanza in famiglia o la vostra fuga romantica ancora pi\u00f9 speciale.<\/p><p>Oltre all&#039;atmosfera incantevole, il Toy Story Hotel \u2013 \u73a9\u5177\u7e3d\u52d5\u54e1\u9152\u5e97 \u00e8 anche la porta d&#039;accesso alle meraviglie dello Shanghai Disney Resort. Con vantaggi esclusivi per gli ospiti dell&#039;hotel, come l&#039;accesso anticipato ai parchi e un comodo trasporto, avrete tutto il necessario per massimizzare la vostra esperienza Disney. Che stiate pianificando un viaggio irripetibile o una fuga improvvisa nel weekend, il nostro hotel promette un soggiorno ricco di risate, gioia e la magia senza tempo di <em>Toy Story<\/em>.<\/p><p>Prenota oggi stesso il tuo soggiorno al Toy Story Hotel e parti per un viaggio &quot;verso l&#039;infinito e oltre!&quot; Scopri perch\u00e9 questa destinazione unica \u00e8 la scelta perfetta per i fan Disney e gli amanti dell&#039;avventura. Lasciati accogliere in un mondo dove i giocattoli prendono vita e ogni momento \u00e8 un ricordo prezioso che aspetta solo di essere creato.<\/p>\t\t\t\t\t\t\t\t<\/div>\n\t\t\t\t<\/div>\n\t\t\t\t\t<\/div>\n\t\t<\/div>\n\t\t\t\t<div class=\"elementor-column elementor-col-50 elementor-top-column elementor-element elementor-element-0871cf1\" data-id=\"0871cf1\" data-element_type=\"column\" data-e-type=\"column\">\n\t\t\t<div class=\"elementor-widget-wrap elementor-element-populated\">\n\t\t\t\t\t\t<div class=\"elementor-element elementor-element-a5e7108 elementor-widget__width-initial elementor-widget-mobile__width-inherit elementor-invisible nuss-elementor-loading nuss-slide-in-right elementor-widget elementor-widget-image\" data-id=\"a5e7108\" data-element_type=\"widget\" data-e-type=\"widget\" data-settings=\"{&quot;_animation&quot;:&quot;nussSlideInRight&quot;}\" data-widget_type=\"image.default\">\n\t\t\t\t<div class=\"elementor-widget-container\">\n\t\t\t\t\t\t\t\t\t\t\t\t\t\t\t<img decoding=\"async\" width=\"1280\" height=\"853\" src=\"https:\/\/toystoryhotelshanghai.com\/wp-content\/uploads\/2025\/06\/toy-story-hotel-shanghai-12.webp\" class=\"attachment-full size-full wp-image-5559\" alt=\"\" srcset=\"https:\/\/toystoryhotelshanghai.com\/wp-content\/uploads\/2025\/06\/toy-story-hotel-shanghai-12.webp 1280w, https:\/\/toystoryhotelshanghai.com\/wp-content\/uploads\/2025\/06\/toy-story-hotel-shanghai-12-300x200.webp 300w, https:\/\/toystoryhotelshanghai.com\/wp-content\/uploads\/2025\/06\/toy-story-hotel-shanghai-12-1024x682.webp 1024w, https:\/\/toystoryhotelshanghai.com\/wp-content\/uploads\/2025\/06\/toy-story-hotel-shanghai-12-768x512.webp 768w, https:\/\/toystoryhotelshanghai.com\/wp-content\/uploads\/2025\/06\/toy-story-hotel-shanghai-12-18x12.webp 18w\" sizes=\"(max-width: 1280px) 100vw, 1280px\" \/>\t\t\t\t\t\t\t\t\t\t\t\t\t\t\t<\/div>\n\t\t\t\t<\/div>\n\t\t\t\t\t<\/div>\n\t\t<\/div>\n\t\t\t\t\t<\/div>\n\t\t<\/section>\n\t\t\t\t<\/div>","protected":false},"excerpt":{"rendered":"<p>Welcome to the whimsical world of Toy Story Hotel &#8211; \u73a9\u5177\u7e3d\u52d5\u54e1\u9152\u5e97, where imagination comes to life and every stay is an adventure! Nestled in the heart of a vibrant destination, this one-of-a-kind hotel brings the beloved characters and stories of Disney and Pixar\u2019s Toy Story franchise right to your doorstep. Perfect for families, couples, and [&hellip;]<\/p>\n","protected":false},"author":1,"featured_media":0,"parent":0,"menu_order":0,"comment_status":"closed","ping_status":"closed","template":"","meta":{"footnotes":""},"class_list":["post-5266","page","type-page","status-publish","hentry","post-no-thumbnail"],"_links":{"self":[{"href":"https:\/\/toystoryhotelshanghai.com\/it\/wp-json\/wp\/v2\/pages\/5266","targetHints":{"allow":["GET"]}}],"collection":[{"href":"https:\/\/toystoryhotelshanghai.com\/it\/wp-json\/wp\/v2\/pages"}],"about":[{"href":"https:\/\/toystoryhotelshanghai.com\/it\/wp-json\/wp\/v2\/types\/page"}],"author":[{"embeddable":true,"href":"https:\/\/toystoryhotelshanghai.com\/it\/wp-json\/wp\/v2\/users\/1"}],"replies":[{"embeddable":true,"href":"https:\/\/toystoryhotelshanghai.com\/it\/wp-json\/wp\/v2\/comments?post=5266"}],"version-history":[{"count":0,"href":"https:\/\/toystoryhotelshanghai.com\/it\/wp-json\/wp\/v2\/pages\/5266\/revisions"}],"wp:attachment":[{"href":"https:\/\/toystoryhotelshanghai.com\/it\/wp-json\/wp\/v2\/media?parent=5266"}],"curies":[{"name":"parola chiave","href":"https:\/\/api.w.org\/{rel}","templated":true}]}}