{"id":612,"date":"2021-03-26T10:04:13","date_gmt":"2021-03-26T10:04:13","guid":{"rendered":"http:\/\/localhost\/nuss\/?page_id=612"},"modified":"2025-12-04T13:42:22","modified_gmt":"2025-12-04T13:42:22","slug":"restaurante","status":"publish","type":"page","link":"https:\/\/toystoryhotelshanghai.com\/es\/restaurant\/","title":{"rendered":"Restaurante"},"content":{"rendered":"<div data-elementor-type=\"wp-page\" data-elementor-id=\"612\" class=\"elementor elementor-612\">\n\t\t\t\t\t\t<section class=\"elementor-section elementor-top-section elementor-element elementor-element-e2effe8 elementor-section-boxed elementor-section-gap-beside-yes elementor-section-height-default elementor-section-height-default elementor-section-column-vertical-align-stretch\" data-id=\"e2effe8\" data-element_type=\"section\" data-e-type=\"section\">\n\t\t\t\t\t\t<div class=\"elementor-container elementor-column-gap-extended\">\n\t\t\t\t\t<div class=\"elementor-column elementor-col-100 elementor-top-column elementor-element elementor-element-e18f688\" data-id=\"e18f688\" data-element_type=\"column\" data-e-type=\"column\">\n\t\t\t<div class=\"elementor-widget-wrap elementor-element-populated\">\n\t\t\t\t\t\t<div class=\"elementor-element elementor-element-6db146d elementor-widget__width-initial elementor-invisible elementor-widget elementor-widget-text-editor\" data-id=\"6db146d\" data-element_type=\"widget\" data-e-type=\"widget\" data-settings=\"{&quot;_animation&quot;:&quot;nussFadeInUp&quot;}\" data-widget_type=\"text-editor.default\">\n\t\t\t\t<div class=\"elementor-widget-container\">\n\t\t\t\t\t\t\t\t\t<p>Bienvenido al encantador mundo gastron\u00f3mico del Toy Story Hotel \u2013 \u73a9\u5177\u7e3d\u52d5\u54e1\u9152\u5e97, ubicado en 360 Shendi W Rd, Pudong, Shanghai, China, 200122, dentro del m\u00e1gico reino de Shanghai Disneyland Resort.<\/p>\t\t\t\t\t\t\t\t<\/div>\n\t\t\t\t<\/div>\n\t\t\t\t\t<\/div>\n\t\t<\/div>\n\t\t\t\t\t<\/div>\n\t\t<\/section>\n\t\t<div class=\"elementor-element elementor-element-7e1a9b4 e-flex e-con-boxed e-con e-parent\" data-id=\"7e1a9b4\" data-element_type=\"container\" data-e-type=\"container\">\n\t\t\t\t\t<div class=\"e-con-inner\">\n\t\t<div class=\"elementor-element elementor-element-606ad87 e-con-full e-flex e-con e-child\" data-id=\"606ad87\" data-element_type=\"container\" data-e-type=\"container\">\n\t\t\t\t<div class=\"elementor-element elementor-element-e247acb elementor-widget elementor-widget-image\" data-id=\"e247acb\" data-element_type=\"widget\" data-e-type=\"widget\" data-widget_type=\"image.default\">\n\t\t\t\t<div class=\"elementor-widget-container\">\n\t\t\t\t\t\t\t\t\t\t\t\t\t\t\t<img fetchpriority=\"high\" decoding=\"async\" width=\"1024\" height=\"682\" src=\"https:\/\/toystoryhotelshanghai.com\/wp-content\/uploads\/2025\/06\/toy-story-hotel-shanghai-1-1024x682.webp\" class=\"attachment-large size-large wp-image-5602\" alt=\"\" srcset=\"https:\/\/toystoryhotelshanghai.com\/wp-content\/uploads\/2025\/06\/toy-story-hotel-shanghai-1-1024x682.webp 1024w, https:\/\/toystoryhotelshanghai.com\/wp-content\/uploads\/2025\/06\/toy-story-hotel-shanghai-1-300x200.webp 300w, https:\/\/toystoryhotelshanghai.com\/wp-content\/uploads\/2025\/06\/toy-story-hotel-shanghai-1-768x512.webp 768w, https:\/\/toystoryhotelshanghai.com\/wp-content\/uploads\/2025\/06\/toy-story-hotel-shanghai-1-18x12.webp 18w, https:\/\/toystoryhotelshanghai.com\/wp-content\/uploads\/2025\/06\/toy-story-hotel-shanghai-1.webp 1280w\" sizes=\"(max-width: 1024px) 100vw, 1024px\" \/>\t\t\t\t\t\t\t\t\t\t\t\t\t\t\t<\/div>\n\t\t\t\t<\/div>\n\t\t\t\t<\/div>\n\t\t<div class=\"elementor-element elementor-element-bfbaffe e-con-full e-flex e-con e-child\" data-id=\"bfbaffe\" data-element_type=\"container\" data-e-type=\"container\">\n\t\t\t\t<div class=\"elementor-element elementor-element-607ddde elementor-widget elementor-widget-text-editor\" data-id=\"607ddde\" data-element_type=\"widget\" data-e-type=\"widget\" data-widget_type=\"text-editor.default\">\n\t\t\t\t<div class=\"elementor-widget-container\">\n\t\t\t\t\t\t\t\t\t<p>Este extravagante hotel, inspirado en la querida serie de Pixar <em>Historia del juguete<\/em> La franquicia no solo ofrece una estancia divertida, sino tambi\u00e9n una deliciosa experiencia culinaria que captura la diversi\u00f3n y la nostalgia de Woody, Buzz Lightyear y sus amigos. Ya sea que viaje en familia a Shanghai Disneyland, en pareja buscando una experiencia gastron\u00f3mica \u00fanica o que viaje solo explorando Pudong, las opciones gastron\u00f3micas del Toy Story Hotel prometen deleitar su paladar con una mezcla de sabores internacionales, cocina china local y la magia de las cenas tem\u00e1ticas. Sum\u00e9rjase en un mundo de sabor y diversi\u00f3n mientras exploramos los excepcionales servicios de restauraci\u00f3n de este hotel \u00fanico en Shangh\u00e1i, perfecto tanto para fans de Disney como para amantes de la gastronom\u00eda.<\/p>\t\t\t\t\t\t\t\t<\/div>\n\t\t\t\t<\/div>\n\t\t\t\t<\/div>\n\t\t\t\t\t<\/div>\n\t\t\t\t<\/div>\n\t\t<div class=\"elementor-element elementor-element-ef609c2 e-flex e-con-boxed e-con e-parent\" data-id=\"ef609c2\" data-element_type=\"container\" data-e-type=\"container\">\n\t\t\t\t\t<div class=\"e-con-inner\">\n\t\t<div class=\"elementor-element elementor-element-3a73099 e-con-full e-flex e-con e-child\" data-id=\"3a73099\" data-element_type=\"container\" data-e-type=\"container\">\n\t\t\t\t<div class=\"elementor-element elementor-element-5e05ae0 elementor-widget elementor-widget-text-editor\" data-id=\"5e05ae0\" data-element_type=\"widget\" data-e-type=\"widget\" data-widget_type=\"text-editor.default\">\n\t\t\t\t<div class=\"elementor-widget-container\">\n\t\t\t\t\t\t\t\t\t<p>En el coraz\u00f3n de la experiencia gastron\u00f3mica en Toy Story Hotel se encuentra el <em>Caf\u00e9 Sunnyside<\/em>, un vibrante restaurante buffet que lleva el nombre de la ic\u00f3nica guarder\u00eda de <em>Toy Story 3<\/em>Este restaurante familiar est\u00e1 dise\u00f1ado para sumergir a los hu\u00e9spedes en el ambiente colorido y l\u00fadico del <em>Historia del juguete<\/em> universo, con una decoraci\u00f3n que da vida al encanto de los juguetes de Andy. El <em>Caf\u00e9 Sunnyside<\/em> Ofrece un extenso men\u00fa con una fusi\u00f3n de platos occidentales y asi\u00e1ticos, garantizando que haya algo para todos, desde los m\u00e1s exigentes hasta los m\u00e1s aventureros. Disfrute de cl\u00e1sicos platos reconfortantes como esponjosos panqueques y jugosas hamburguesas, junto con aut\u00e9nticas especialidades chinas como dim sum y fideos salteados. Con buf\u00e9s diarios de desayuno, almuerzo y cena, este restaurante es un lugar de visita obligada para los hu\u00e9spedes del hotel o que visitan Shanghai Disneyland, ofreciendo una opci\u00f3n gastron\u00f3mica pr\u00e1ctica y deliciosa a solo unos pasos del parque.<\/p><p>Para aquellos que est\u00e1n en movimiento o buscan un refrigerio r\u00e1pido entre las aventuras del parque tem\u00e1tico, el <em>Cafeter\u00eda Toy Box<\/em> El Toy Story Hotel ofrece una deliciosa experiencia para llevar. Con una tem\u00e1tica que refleja el esp\u00edritu l\u00fadico de una caja de juguetes, este restaurante informal sirve una variedad de bocadillos, pasteles, s\u00e1ndwiches y bebidas refrescantes. Ya sea que busques recargar energ\u00edas para un d\u00eda de atracciones y conocer a los personajes, o disfrutar de un capricho nocturno despu\u00e9s de explorar Shanghai Disneyland, el <em>Cafeter\u00eda Toy Box<\/em> Te aseguramos que siempre tendr\u00e1s a mano un delicioso energizante. Es la opci\u00f3n ideal para familias que buscan comidas para ni\u00f1os o viajeros que buscan un refrigerio r\u00e1pido y econ\u00f3mico en Pudong, Shangh\u00e1i.<\/p>\t\t\t\t\t\t\t\t<\/div>\n\t\t\t\t<\/div>\n\t\t\t\t<\/div>\n\t\t<div class=\"elementor-element elementor-element-3ce9046 e-con-full e-flex e-con e-child\" data-id=\"3ce9046\" data-element_type=\"container\" data-e-type=\"container\">\n\t\t\t\t<div class=\"elementor-element elementor-element-6deffbc elementor-widget elementor-widget-image\" data-id=\"6deffbc\" data-element_type=\"widget\" data-e-type=\"widget\" data-widget_type=\"image.default\">\n\t\t\t\t<div class=\"elementor-widget-container\">\n\t\t\t\t\t\t\t\t\t\t\t\t\t\t\t<img decoding=\"async\" width=\"1024\" height=\"682\" src=\"https:\/\/toystoryhotelshanghai.com\/wp-content\/uploads\/2025\/06\/toy-story-hotel-shanghai-31-1024x682.webp\" class=\"attachment-large size-large wp-image-5578\" alt=\"\" srcset=\"https:\/\/toystoryhotelshanghai.com\/wp-content\/uploads\/2025\/06\/toy-story-hotel-shanghai-31-1024x682.webp 1024w, https:\/\/toystoryhotelshanghai.com\/wp-content\/uploads\/2025\/06\/toy-story-hotel-shanghai-31-300x200.webp 300w, https:\/\/toystoryhotelshanghai.com\/wp-content\/uploads\/2025\/06\/toy-story-hotel-shanghai-31-768x512.webp 768w, https:\/\/toystoryhotelshanghai.com\/wp-content\/uploads\/2025\/06\/toy-story-hotel-shanghai-31-18x12.webp 18w, https:\/\/toystoryhotelshanghai.com\/wp-content\/uploads\/2025\/06\/toy-story-hotel-shanghai-31.webp 1280w\" sizes=\"(max-width: 1024px) 100vw, 1024px\" \/>\t\t\t\t\t\t\t\t\t\t\t\t\t\t\t<\/div>\n\t\t\t\t<\/div>\n\t\t\t\t<\/div>\n\t\t\t\t\t<\/div>\n\t\t\t\t<\/div>\n\t\t<div class=\"elementor-element elementor-element-119489d e-flex e-con-boxed e-con e-parent\" data-id=\"119489d\" data-element_type=\"container\" data-e-type=\"container\">\n\t\t\t\t\t<div class=\"e-con-inner\">\n\t\t<div class=\"elementor-element elementor-element-6a35f06 e-con-full e-flex e-con e-child\" data-id=\"6a35f06\" data-element_type=\"container\" data-e-type=\"container\">\n\t\t\t\t<div class=\"elementor-element elementor-element-ae20d82 elementor-widget elementor-widget-image\" data-id=\"ae20d82\" data-element_type=\"widget\" data-e-type=\"widget\" data-widget_type=\"image.default\">\n\t\t\t\t<div class=\"elementor-widget-container\">\n\t\t\t\t\t\t\t\t\t\t\t\t\t\t\t<img decoding=\"async\" width=\"1024\" height=\"682\" src=\"https:\/\/toystoryhotelshanghai.com\/wp-content\/uploads\/2025\/06\/toy-story-hotel-shanghai-34-1024x682.webp\" class=\"attachment-large size-large wp-image-5581\" alt=\"\" srcset=\"https:\/\/toystoryhotelshanghai.com\/wp-content\/uploads\/2025\/06\/toy-story-hotel-shanghai-34-1024x682.webp 1024w, https:\/\/toystoryhotelshanghai.com\/wp-content\/uploads\/2025\/06\/toy-story-hotel-shanghai-34-300x200.webp 300w, https:\/\/toystoryhotelshanghai.com\/wp-content\/uploads\/2025\/06\/toy-story-hotel-shanghai-34-768x512.webp 768w, https:\/\/toystoryhotelshanghai.com\/wp-content\/uploads\/2025\/06\/toy-story-hotel-shanghai-34-18x12.webp 18w, https:\/\/toystoryhotelshanghai.com\/wp-content\/uploads\/2025\/06\/toy-story-hotel-shanghai-34.webp 1280w\" sizes=\"(max-width: 1024px) 100vw, 1024px\" \/>\t\t\t\t\t\t\t\t\t\t\t\t\t\t\t<\/div>\n\t\t\t\t<\/div>\n\t\t\t\t<\/div>\n\t\t<div class=\"elementor-element elementor-element-62ab2b7 e-con-full e-flex e-con e-child\" data-id=\"62ab2b7\" data-element_type=\"container\" data-e-type=\"container\">\n\t\t\t\t<div class=\"elementor-element elementor-element-bde379a elementor-widget elementor-widget-text-editor\" data-id=\"bde379a\" data-element_type=\"widget\" data-e-type=\"widget\" data-widget_type=\"text-editor.default\">\n\t\t\t\t<div class=\"elementor-widget-container\">\n\t\t\t\t\t\t\t\t\t<p>Lo que distingue a Toy Story Hotel es su compromiso con crear momentos m\u00e1gicos a trav\u00e9s de la comida. El equipo culinario del hotel se esfuerza al m\u00e1ximo para satisfacer las diversas necesidades diet\u00e9ticas, ofreciendo opciones vegetarianas, sin gluten y aptas para al\u00e9rgicos bajo petici\u00f3n. Esta dedicaci\u00f3n a la inclusi\u00f3n garantiza que todos los hu\u00e9spedes, independientemente de sus preferencias diet\u00e9ticas, puedan disfrutar de una comida memorable. Adem\u00e1s, el hotel ofrece servicio de comida a la habitaci\u00f3n para quienes prefieren relajarse en sus habitaciones tem\u00e1ticas despu\u00e9s de un emocionante d\u00eda en Shanghai Disneyland. Imagine disfrutar de una comida caliente o un postre dulce rodeado de la divertida decoraci\u00f3n de Woody&#039;s Roundup o Buzz&#039;s Star Command: pura magia Disney a su alcance.<\/p><p>La experiencia gastron\u00f3mica en el Toy Story Hotel no se trata solo de la comida; se trata de crear recuerdos imborrables. Los eventos de temporada y las cenas con los personajes suelen tener lugar en el... <em>Caf\u00e9 Sunnyside<\/em>, donde los invitados pueden encontrarse con sus seres queridos <em>Historia del juguete<\/em> Personajes como Woody o Jessie durante su comida. Estas interacciones \u00fanicas a\u00f1aden un toque extra de emoci\u00f3n, convirtiendo cada momento gastron\u00f3mico en una experiencia inolvidable durante sus vacaciones en Shangh\u00e1i Disneyland. Para las familias que visitan Shangh\u00e1i, esta es una oportunidad imperdible para combinar la deliciosa gastronom\u00eda con la alegr\u00eda de las historias de Disney, todo desde la comodidad de un restaurante tem\u00e1tico de hotel.<\/p>\t\t\t\t\t\t\t\t<\/div>\n\t\t\t\t<\/div>\n\t\t\t\t<\/div>\n\t\t\t\t\t<\/div>\n\t\t\t\t<\/div>\n\t\t<div class=\"elementor-element elementor-element-19624fe e-flex e-con-boxed e-con e-parent\" data-id=\"19624fe\" data-element_type=\"container\" data-e-type=\"container\">\n\t\t\t\t\t<div class=\"e-con-inner\">\n\t\t<div class=\"elementor-element elementor-element-4cb096b e-con-full e-flex e-con e-child\" data-id=\"4cb096b\" data-element_type=\"container\" data-e-type=\"container\">\n\t\t\t\t<div class=\"elementor-element elementor-element-976e4b4 elementor-widget elementor-widget-text-editor\" data-id=\"976e4b4\" data-element_type=\"widget\" data-e-type=\"widget\" data-widget_type=\"text-editor.default\">\n\t\t\t\t<div class=\"elementor-widget-container\">\n\t\t\t\t\t\t\t\t\t<p>Convenientemente ubicado cerca de Shanghai Disneyland, las opciones gastron\u00f3micas del Toy Story Hotel son perfectas tanto para hu\u00e9spedes como para visitantes que buscan un restaurante tem\u00e1tico en Pudong. La proximidad del hotel al parque, junto con el servicio de transporte gratuito, permite disfrutar f\u00e1cilmente de una comida abundante. <em>Caf\u00e9 Sunnyside<\/em> o un refrigerio r\u00e1pido en <em>Cafeter\u00eda Toy Box<\/em> Sin perderse ni un instante de la magia de Disney. M\u00e1s all\u00e1 de la comida, el c\u00e1lido y acogedor personal del Toy Story Hotel garantiza que cada experiencia gastron\u00f3mica cuente con un servicio excepcional, reflejo de la reconocida hospitalidad de los resorts Disney de todo el mundo.<\/p><p>Para quienes buscan los mejores restaurantes familiares en Shangh\u00e1i o experiencias gastron\u00f3micas \u00fanicas cerca de Disneyland Shangh\u00e1i, Toy Story Hotel \u2013 \u73a9\u5177\u7e3d\u52d5\u54e1\u9152\u5e97 destaca como una excelente opci\u00f3n. Su ambiente tem\u00e1tico, su men\u00fa variado y su dedicaci\u00f3n a la satisfacci\u00f3n del cliente lo convierten en un destino imprescindible para quienes exploran Pudong o planean unas vacaciones en Disney en China. Ya sea que se les antojen sabores internacionales, aut\u00e9ntica comida china o simplemente una comida divertida con su pareja. <em>Historia del juguete<\/em> Personajes, las opciones gastron\u00f3micas de este hotel de Shanghai ofrecen un viaje culinario inolvidable.<\/p><p>As\u00ed que, si planeas un viaje a Disneyland Shangh\u00e1i o buscas una experiencia gastron\u00f3mica m\u00e1gica en Pudong, no busques m\u00e1s: los restaurantes del Toy Story Hotel son la soluci\u00f3n. Reserva tu estancia o planifica tu visita en 360 Shendi W Rd, Shangh\u00e1i, China, 200122, y d\u00e9jate llevar por los sabores de... <em>Historia del juguete<\/em> Dale vida a tu aventura Disney. Desde buf\u00e9s hasta refrigerios r\u00e1pidos, cada comida aqu\u00ed es una celebraci\u00f3n de la diversi\u00f3n, la familia y el encanto atemporal de los ic\u00f3nicos juguetes de Pixar. \u00a1Ven con hambre, vete feliz y haz que cenar en el Toy Story Hotel sea uno de los momentos m\u00e1s destacados de tu viaje a Shangh\u00e1i!<\/p>\t\t\t\t\t\t\t\t<\/div>\n\t\t\t\t<\/div>\n\t\t\t\t<\/div>\n\t\t<div class=\"elementor-element elementor-element-2013852 e-con-full e-flex e-con e-child\" data-id=\"2013852\" data-element_type=\"container\" data-e-type=\"container\">\n\t\t\t\t<div class=\"elementor-element elementor-element-2fc90a2 elementor-widget elementor-widget-image\" data-id=\"2fc90a2\" data-element_type=\"widget\" data-e-type=\"widget\" data-widget_type=\"image.default\">\n\t\t\t\t<div class=\"elementor-widget-container\">\n\t\t\t\t\t\t\t\t\t\t\t\t\t\t\t<img loading=\"lazy\" decoding=\"async\" width=\"1024\" height=\"682\" src=\"https:\/\/toystoryhotelshanghai.com\/wp-content\/uploads\/2025\/06\/toy-story-hotel-shanghai-13-1024x682.webp\" class=\"attachment-large size-large wp-image-5560\" alt=\"\" srcset=\"https:\/\/toystoryhotelshanghai.com\/wp-content\/uploads\/2025\/06\/toy-story-hotel-shanghai-13-1024x682.webp 1024w, https:\/\/toystoryhotelshanghai.com\/wp-content\/uploads\/2025\/06\/toy-story-hotel-shanghai-13-300x200.webp 300w, https:\/\/toystoryhotelshanghai.com\/wp-content\/uploads\/2025\/06\/toy-story-hotel-shanghai-13-768x512.webp 768w, https:\/\/toystoryhotelshanghai.com\/wp-content\/uploads\/2025\/06\/toy-story-hotel-shanghai-13-18x12.webp 18w, https:\/\/toystoryhotelshanghai.com\/wp-content\/uploads\/2025\/06\/toy-story-hotel-shanghai-13.webp 1280w\" sizes=\"(max-width: 1024px) 100vw, 1024px\" \/>\t\t\t\t\t\t\t\t\t\t\t\t\t\t\t<\/div>\n\t\t\t\t<\/div>\n\t\t\t\t<\/div>\n\t\t\t\t\t<\/div>\n\t\t\t\t<\/div>\n\t\t\t\t<\/div>","protected":false},"excerpt":{"rendered":"<p>Welcome to the enchanting world of dining at Toy Story Hotel &#8211; \u73a9\u5177\u7e3d\u52d5\u54e1\u9152\u5e97, located at 360 Shendi W Rd, Pudong, Shanghai, China, 200122, within the magical realm of Shanghai Disneyland Resort. This whimsical hotel, inspired by Pixar\u2019s beloved Toy Story franchise, not only offers a playful stay but also serves up a delightful culinary experience [&hellip;]<\/p>\n","protected":false},"author":1,"featured_media":0,"parent":0,"menu_order":0,"comment_status":"closed","ping_status":"closed","template":"","meta":{"footnotes":""},"class_list":["post-612","page","type-page","status-publish","hentry","post-no-thumbnail"],"_links":{"self":[{"href":"https:\/\/toystoryhotelshanghai.com\/es\/wp-json\/wp\/v2\/pages\/612","targetHints":{"allow":["GET"]}}],"collection":[{"href":"https:\/\/toystoryhotelshanghai.com\/es\/wp-json\/wp\/v2\/pages"}],"about":[{"href":"https:\/\/toystoryhotelshanghai.com\/es\/wp-json\/wp\/v2\/types\/page"}],"author":[{"embeddable":true,"href":"https:\/\/toystoryhotelshanghai.com\/es\/wp-json\/wp\/v2\/users\/1"}],"replies":[{"embeddable":true,"href":"https:\/\/toystoryhotelshanghai.com\/es\/wp-json\/wp\/v2\/comments?post=612"}],"version-history":[{"count":0,"href":"https:\/\/toystoryhotelshanghai.com\/es\/wp-json\/wp\/v2\/pages\/612\/revisions"}],"wp:attachment":[{"href":"https:\/\/toystoryhotelshanghai.com\/es\/wp-json\/wp\/v2\/media?parent=612"}],"curies":[{"name":"gracias","href":"https:\/\/api.w.org\/{rel}","templated":true}]}}