{"id":5266,"date":"2021-07-18T08:03:35","date_gmt":"2021-07-18T08:03:35","guid":{"rendered":"https:\/\/nuss.uxper.co\/luxury-resort\/?page_id=5266"},"modified":"2025-12-04T13:41:40","modified_gmt":"2025-12-04T13:41:40","slug":"sobre-nosotros","status":"publish","type":"page","link":"https:\/\/toystoryhotelshanghai.com\/es\/about-us\/","title":{"rendered":"Sobre nosotros"},"content":{"rendered":"<div data-elementor-type=\"wp-page\" data-elementor-id=\"5266\" class=\"elementor elementor-5266\">\n\t\t\t\t\t\t<section class=\"elementor-section elementor-top-section elementor-element elementor-element-10416953 elementor-section-boxed elementor-section-gap-beside-yes elementor-section-height-default elementor-section-height-default elementor-section-column-vertical-align-stretch\" data-id=\"10416953\" data-element_type=\"section\" data-e-type=\"section\">\n\t\t\t\t\t\t<div class=\"elementor-container elementor-column-gap-extended\">\n\t\t\t\t\t<div class=\"elementor-column elementor-col-100 elementor-top-column elementor-element elementor-element-29c6aa8\" data-id=\"29c6aa8\" data-element_type=\"column\" data-e-type=\"column\">\n\t\t\t<div class=\"elementor-widget-wrap elementor-element-populated\">\n\t\t\t\t\t\t<div class=\"elementor-element elementor-element-7be18fe7 elementor-widget__width-initial elementor-invisible elementor-widget elementor-widget-text-editor\" data-id=\"7be18fe7\" data-element_type=\"widget\" data-e-type=\"widget\" data-settings=\"{&quot;_animation&quot;:&quot;nussFadeInUp&quot;}\" data-widget_type=\"text-editor.default\">\n\t\t\t\t<div class=\"elementor-widget-container\">\n\t\t\t\t\t\t\t\t\t<p>Bienvenido al mundo caprichoso de <strong>Toy Story Hotel \u2013 \u73a9\u5177\u7e3d\u52d5\u54e1\u9152tienda<\/strong>, \u00a1donde la imaginaci\u00f3n cobra vida y cada estancia es una aventura!<\/p>\t\t\t\t\t\t\t\t<\/div>\n\t\t\t\t<\/div>\n\t\t\t\t\t<\/div>\n\t\t<\/div>\n\t\t\t\t\t<\/div>\n\t\t<\/section>\n\t\t\t\t<section class=\"elementor-section elementor-top-section elementor-element elementor-element-7d18327f elementor-section-boxed elementor-section-gap-beside-yes elementor-section-height-default elementor-section-height-default elementor-section-column-vertical-align-stretch\" data-id=\"7d18327f\" data-element_type=\"section\" data-e-type=\"section\">\n\t\t\t\t\t\t<div class=\"elementor-container elementor-column-gap-extended\">\n\t\t\t\t\t<div class=\"elementor-column elementor-col-50 elementor-top-column elementor-element elementor-element-56533670\" data-id=\"56533670\" data-element_type=\"column\" data-e-type=\"column\">\n\t\t\t<div class=\"elementor-widget-wrap elementor-element-populated\">\n\t\t\t\t\t\t<div class=\"elementor-element elementor-element-19c3f543 elementor-invisible elementor-widget elementor-widget-text-editor\" data-id=\"19c3f543\" data-element_type=\"widget\" data-e-type=\"widget\" data-settings=\"{&quot;_animation&quot;:&quot;nussFadeInUp&quot;}\" data-widget_type=\"text-editor.default\">\n\t\t\t\t<div class=\"elementor-widget-container\">\n\t\t\t\t\t\t\t\t\t<p>Ubicado en el coraz\u00f3n de un destino vibrante, este hotel \u00fanico trae los queridos personajes e historias de Disney y Pixar. <em>Historia del juguete<\/em> Franquicia a tu alcance. Ideal para familias, parejas y fans de todas las edades, Toy Story Hotel ofrece una experiencia inmersiva que combina un dise\u00f1o l\u00fadico, una hospitalidad excepcional y recuerdos inolvidables.<\/p>\t\t\t\t\t\t\t\t<\/div>\n\t\t\t\t<\/div>\n\t\t\t\t\t<\/div>\n\t\t<\/div>\n\t\t\t\t<div class=\"elementor-column elementor-col-50 elementor-top-column elementor-element elementor-element-30f14127\" data-id=\"30f14127\" data-element_type=\"column\" data-e-type=\"column\">\n\t\t\t<div class=\"elementor-widget-wrap elementor-element-populated\">\n\t\t\t\t\t\t<div class=\"elementor-element elementor-element-350da02e elementor-invisible nuss-elementor-loading nuss-slide-in-left elementor-widget elementor-widget-image\" data-id=\"350da02e\" data-element_type=\"widget\" data-e-type=\"widget\" data-settings=\"{&quot;_animation&quot;:&quot;nussSlideInLeft&quot;}\" data-widget_type=\"image.default\">\n\t\t\t\t<div class=\"elementor-widget-container\">\n\t\t\t\t\t\t\t\t\t\t\t\t\t\t\t<img fetchpriority=\"high\" decoding=\"async\" width=\"989\" height=\"853\" src=\"https:\/\/toystoryhotelshanghai.com\/wp-content\/uploads\/2025\/06\/toy-story-hotel-shanghai-62.webp\" class=\"attachment-full size-full wp-image-5610\" alt=\"\" srcset=\"https:\/\/toystoryhotelshanghai.com\/wp-content\/uploads\/2025\/06\/toy-story-hotel-shanghai-62.webp 989w, https:\/\/toystoryhotelshanghai.com\/wp-content\/uploads\/2025\/06\/toy-story-hotel-shanghai-62-300x259.webp 300w, https:\/\/toystoryhotelshanghai.com\/wp-content\/uploads\/2025\/06\/toy-story-hotel-shanghai-62-768x662.webp 768w, https:\/\/toystoryhotelshanghai.com\/wp-content\/uploads\/2025\/06\/toy-story-hotel-shanghai-62-14x12.webp 14w\" sizes=\"(max-width: 989px) 100vw, 989px\" \/>\t\t\t\t\t\t\t\t\t\t\t\t\t\t\t<\/div>\n\t\t\t\t<\/div>\n\t\t\t\t\t<\/div>\n\t\t<\/div>\n\t\t\t\t\t<\/div>\n\t\t<\/section>\n\t\t\t\t<section class=\"elementor-section elementor-top-section elementor-element elementor-element-29fb8578 elementor-section-height-min-height elementor-section-stretched elementor-section-full_width elementor-section-items-stretch elementor-section-height-default elementor-section-column-vertical-align-stretch\" data-id=\"29fb8578\" data-element_type=\"section\" data-e-type=\"section\" data-settings=\"{&quot;stretch_section&quot;:&quot;section-stretched&quot;}\">\n\t\t\t\t\t\t<div class=\"elementor-container elementor-column-gap-no\">\n\t\t\t\t\t<div class=\"elementor-column elementor-col-50 elementor-top-column elementor-element elementor-element-40ac270b\" data-id=\"40ac270b\" data-element_type=\"column\" data-e-type=\"column\">\n\t\t\t<div class=\"elementor-widget-wrap elementor-element-populated\">\n\t\t\t\t\t\t<div class=\"elementor-element elementor-element-20872773 elementor-widget__width-initial elementor-widget-mobile__width-inherit elementor-invisible nuss-elementor-loading nuss-slide-in-right elementor-widget elementor-widget-image\" data-id=\"20872773\" data-element_type=\"widget\" data-e-type=\"widget\" data-settings=\"{&quot;_animation&quot;:&quot;nussSlideInRight&quot;}\" data-widget_type=\"image.default\">\n\t\t\t\t<div class=\"elementor-widget-container\">\n\t\t\t\t\t\t\t\t\t\t\t\t\t\t\t<img decoding=\"async\" width=\"1280\" height=\"853\" src=\"https:\/\/toystoryhotelshanghai.com\/wp-content\/uploads\/2025\/06\/toy-story-hotel-shanghai-60.webp\" class=\"attachment-full size-full wp-image-5608\" alt=\"\" srcset=\"https:\/\/toystoryhotelshanghai.com\/wp-content\/uploads\/2025\/06\/toy-story-hotel-shanghai-60.webp 1280w, https:\/\/toystoryhotelshanghai.com\/wp-content\/uploads\/2025\/06\/toy-story-hotel-shanghai-60-300x200.webp 300w, https:\/\/toystoryhotelshanghai.com\/wp-content\/uploads\/2025\/06\/toy-story-hotel-shanghai-60-1024x682.webp 1024w, https:\/\/toystoryhotelshanghai.com\/wp-content\/uploads\/2025\/06\/toy-story-hotel-shanghai-60-768x512.webp 768w, https:\/\/toystoryhotelshanghai.com\/wp-content\/uploads\/2025\/06\/toy-story-hotel-shanghai-60-18x12.webp 18w\" sizes=\"(max-width: 1280px) 100vw, 1280px\" \/>\t\t\t\t\t\t\t\t\t\t\t\t\t\t\t<\/div>\n\t\t\t\t<\/div>\n\t\t\t\t\t<\/div>\n\t\t<\/div>\n\t\t\t\t<div class=\"elementor-column elementor-col-50 elementor-top-column elementor-element elementor-element-2dac103\" data-id=\"2dac103\" data-element_type=\"column\" data-e-type=\"column\">\n\t\t\t<div class=\"elementor-widget-wrap elementor-element-populated\">\n\t\t\t\t\t\t<div class=\"elementor-element elementor-element-6f1b8966 elementor-invisible elementor-widget elementor-widget-text-editor\" data-id=\"6f1b8966\" data-element_type=\"widget\" data-e-type=\"widget\" data-settings=\"{&quot;_animation&quot;:&quot;nussFadeInUp&quot;}\" data-widget_type=\"text-editor.default\">\n\t\t\t\t<div class=\"elementor-widget-container\">\n\t\t\t\t\t\t\t\t\t<p>Al entrar al hotel, te sumergir\u00e1s en una enorme caja de juguetes, donde cada rinc\u00f3n rebosa de encanto nost\u00e1lgico y colores vibrantes inspirados en Woody, Buzz Lightyear, Jessie y toda la pandilla. Desde el momento del check-in, te sentir\u00e1s como si te hubieras encogido al tama\u00f1o de un juguete, rodeado de muebles enormes, decoraci\u00f3n divertida y habitaciones tem\u00e1ticas que te transportar\u00e1n directamente a la habitaci\u00f3n de Andy. Ya sea que te tomes fotos con las ic\u00f3nicas estatuas de los personajes o explores las \u00e1reas de juego interactivas del hotel, te espera un sinf\u00edn de diversi\u00f3n.<\/p><p>Ubicado en el m\u00e1gico mundo de Shanghai Disney Resort, el Toy Story Hotel \u2013 \u73a9\u5177\u7e3d\u52d5\u54e1\u9152\u5e97 est\u00e1 a solo unos pasos de la emoci\u00f3n del Parque Disneyland, lo que lo convierte en el punto de partida ideal para tu aventura Disney. Despu\u00e9s de un emocionante d\u00eda en el parque, regresa a la comodidad de nuestro alojamiento familiar, donde cada detalle, desde la ropa de cama hasta las obras de arte, refleja el entra\u00f1able esp\u00edritu de... <em>Historia del juguete<\/em>Disfrute de experiencias gastron\u00f3micas tem\u00e1ticas que encantar\u00e1n tanto a ni\u00f1os como a adultos, o rel\u00e1jese en nuestras instalaciones recreativas dise\u00f1adas para que la diversi\u00f3n contin\u00fae incluso despu\u00e9s del cierre del parque.<\/p>\t\t\t\t\t\t\t\t<\/div>\n\t\t\t\t<\/div>\n\t\t\t\t\t<\/div>\n\t\t<\/div>\n\t\t\t\t\t<\/div>\n\t\t<\/section>\n\t\t\t\t<section class=\"elementor-section elementor-top-section elementor-element elementor-element-f862fed elementor-section-height-min-height elementor-section-stretched elementor-section-full_width elementor-section-items-stretch elementor-section-height-default elementor-section-column-vertical-align-stretch\" data-id=\"f862fed\" data-element_type=\"section\" data-e-type=\"section\" data-settings=\"{&quot;stretch_section&quot;:&quot;section-stretched&quot;}\">\n\t\t\t\t\t\t<div class=\"elementor-container elementor-column-gap-no\">\n\t\t\t\t\t<div class=\"elementor-column elementor-col-50 elementor-top-column elementor-element elementor-element-4e83c19\" data-id=\"4e83c19\" data-element_type=\"column\" data-e-type=\"column\">\n\t\t\t<div class=\"elementor-widget-wrap elementor-element-populated\">\n\t\t\t\t\t\t<div class=\"elementor-element elementor-element-f1c6c14 elementor-invisible elementor-widget elementor-widget-text-editor\" data-id=\"f1c6c14\" data-element_type=\"widget\" data-e-type=\"widget\" data-settings=\"{&quot;_animation&quot;:&quot;nussFadeInUp&quot;}\" data-widget_type=\"text-editor.default\">\n\t\t\t\t<div class=\"elementor-widget-container\">\n\t\t\t\t\t\t\t\t\t<p>Lo que distingue al Hotel Toy Story es su compromiso de crear una estancia verdaderamente inmersiva. Cada habitaci\u00f3n est\u00e1 cuidadosamente dise\u00f1ada para que te sientas parte de la historia, con detalles divertidos como art\u00edculos de tocador con tem\u00e1tica de juguetes y sorpresas en cada rinc\u00f3n. Nuestro dedicado personal est\u00e1 aqu\u00ed para garantizar que tu visita sea m\u00e1gica, ofreciendo un servicio personalizado para que tus vacaciones familiares o escapada rom\u00e1ntica sean a\u00fan m\u00e1s especiales.<\/p><p>M\u00e1s all\u00e1 de su atm\u00f3sfera encantadora, Toy Story Hotel \u2013 \u73a9\u5177\u7e3d\u52d5\u54e1\u9152\u5e97 tambi\u00e9n es una puerta de entrada a las maravillas de Shanghai Disney Resort. Con beneficios exclusivos para los hu\u00e9spedes del hotel, como acceso anticipado al parque y transporte conveniente, tendr\u00e1 todo lo necesario para maximizar su experiencia Disney. Ya sea que est\u00e9 planeando un viaje inolvidable o una escapada de fin de semana espont\u00e1nea, nuestro hotel le promete una estancia llena de risas, alegr\u00eda y la magia eterna de... <em>Historia del juguete<\/em>.<\/p><p>Reserva hoy tu estancia en el Hotel Toy Story y emprende un viaje al infinito y m\u00e1s all\u00e1. Descubre por qu\u00e9 este destino \u00fanico es la opci\u00f3n perfecta tanto para los fans de Disney como para los aventureros. Te damos la bienvenida a un mundo donde los juguetes cobran vida y cada momento es un recuerdo inolvidable.<\/p>\t\t\t\t\t\t\t\t<\/div>\n\t\t\t\t<\/div>\n\t\t\t\t\t<\/div>\n\t\t<\/div>\n\t\t\t\t<div class=\"elementor-column elementor-col-50 elementor-top-column elementor-element elementor-element-0871cf1\" data-id=\"0871cf1\" data-element_type=\"column\" data-e-type=\"column\">\n\t\t\t<div class=\"elementor-widget-wrap elementor-element-populated\">\n\t\t\t\t\t\t<div class=\"elementor-element elementor-element-a5e7108 elementor-widget__width-initial elementor-widget-mobile__width-inherit elementor-invisible nuss-elementor-loading nuss-slide-in-right elementor-widget elementor-widget-image\" data-id=\"a5e7108\" data-element_type=\"widget\" data-e-type=\"widget\" data-settings=\"{&quot;_animation&quot;:&quot;nussSlideInRight&quot;}\" data-widget_type=\"image.default\">\n\t\t\t\t<div class=\"elementor-widget-container\">\n\t\t\t\t\t\t\t\t\t\t\t\t\t\t\t<img decoding=\"async\" width=\"1280\" height=\"853\" src=\"https:\/\/toystoryhotelshanghai.com\/wp-content\/uploads\/2025\/06\/toy-story-hotel-shanghai-12.webp\" class=\"attachment-full size-full wp-image-5559\" alt=\"\" srcset=\"https:\/\/toystoryhotelshanghai.com\/wp-content\/uploads\/2025\/06\/toy-story-hotel-shanghai-12.webp 1280w, https:\/\/toystoryhotelshanghai.com\/wp-content\/uploads\/2025\/06\/toy-story-hotel-shanghai-12-300x200.webp 300w, https:\/\/toystoryhotelshanghai.com\/wp-content\/uploads\/2025\/06\/toy-story-hotel-shanghai-12-1024x682.webp 1024w, https:\/\/toystoryhotelshanghai.com\/wp-content\/uploads\/2025\/06\/toy-story-hotel-shanghai-12-768x512.webp 768w, https:\/\/toystoryhotelshanghai.com\/wp-content\/uploads\/2025\/06\/toy-story-hotel-shanghai-12-18x12.webp 18w\" sizes=\"(max-width: 1280px) 100vw, 1280px\" \/>\t\t\t\t\t\t\t\t\t\t\t\t\t\t\t<\/div>\n\t\t\t\t<\/div>\n\t\t\t\t\t<\/div>\n\t\t<\/div>\n\t\t\t\t\t<\/div>\n\t\t<\/section>\n\t\t\t\t<\/div>","protected":false},"excerpt":{"rendered":"<p>Welcome to the whimsical world of Toy Story Hotel &#8211; \u73a9\u5177\u7e3d\u52d5\u54e1\u9152\u5e97, where imagination comes to life and every stay is an adventure! Nestled in the heart of a vibrant destination, this one-of-a-kind hotel brings the beloved characters and stories of Disney and Pixar\u2019s Toy Story franchise right to your doorstep. Perfect for families, couples, and [&hellip;]<\/p>\n","protected":false},"author":1,"featured_media":0,"parent":0,"menu_order":0,"comment_status":"closed","ping_status":"closed","template":"","meta":{"footnotes":""},"class_list":["post-5266","page","type-page","status-publish","hentry","post-no-thumbnail"],"_links":{"self":[{"href":"https:\/\/toystoryhotelshanghai.com\/es\/wp-json\/wp\/v2\/pages\/5266","targetHints":{"allow":["GET"]}}],"collection":[{"href":"https:\/\/toystoryhotelshanghai.com\/es\/wp-json\/wp\/v2\/pages"}],"about":[{"href":"https:\/\/toystoryhotelshanghai.com\/es\/wp-json\/wp\/v2\/types\/page"}],"author":[{"embeddable":true,"href":"https:\/\/toystoryhotelshanghai.com\/es\/wp-json\/wp\/v2\/users\/1"}],"replies":[{"embeddable":true,"href":"https:\/\/toystoryhotelshanghai.com\/es\/wp-json\/wp\/v2\/comments?post=5266"}],"version-history":[{"count":0,"href":"https:\/\/toystoryhotelshanghai.com\/es\/wp-json\/wp\/v2\/pages\/5266\/revisions"}],"wp:attachment":[{"href":"https:\/\/toystoryhotelshanghai.com\/es\/wp-json\/wp\/v2\/media?parent=5266"}],"curies":[{"name":"gracias","href":"https:\/\/api.w.org\/{rel}","templated":true}]}}