{"id":2108,"date":"2021-03-26T06:46:16","date_gmt":"2021-03-26T06:46:16","guid":{"rendered":"http:\/\/localhost\/nuss\/?page_id=437"},"modified":"2025-12-04T13:42:02","modified_gmt":"2025-12-04T13:42:02","slug":"preguntas-frecuentes","status":"publish","type":"page","link":"https:\/\/toystoryhotelshanghai.com\/es\/faqs\/","title":{"rendered":"Preguntas frecuentes"},"content":{"rendered":"<div data-elementor-type=\"wp-page\" data-elementor-id=\"2108\" class=\"elementor elementor-2108\">\n\t\t\t\t\t\t<section class=\"elementor-section elementor-top-section elementor-element elementor-element-e56a0cd elementor-section-boxed elementor-section-gap-beside-yes elementor-section-height-default elementor-section-height-default elementor-section-column-vertical-align-stretch\" data-id=\"e56a0cd\" data-element_type=\"section\" data-e-type=\"section\">\n\t\t\t\t\t\t<div class=\"elementor-container elementor-column-gap-extended\">\n\t\t\t\t\t<div class=\"elementor-column elementor-col-100 elementor-top-column elementor-element elementor-element-0b4465f\" data-id=\"0b4465f\" data-element_type=\"column\" data-e-type=\"column\">\n\t\t\t<div class=\"elementor-widget-wrap elementor-element-populated\">\n\t\t\t\t\t\t<div class=\"elementor-element elementor-element-c5bfb65 elementor-widget__width-initial elementor-invisible elementor-widget elementor-widget-text-editor\" data-id=\"c5bfb65\" data-element_type=\"widget\" data-e-type=\"widget\" data-settings=\"{&quot;_animation&quot;:&quot;nussFadeInUp&quot;}\" data-widget_type=\"text-editor.default\">\n\t\t\t\t<div class=\"elementor-widget-container\">\n\t\t\t\t\t\t\t\t\t<p>Estas preguntas se basan en consultas habituales que los viajeros y hu\u00e9spedes suelen tener sobre este hotel tem\u00e1tico dentro del Shanghai Disneyland Resort, abordando aspectos clave como las comodidades, los servicios y la proximidad al parque.<\/p>\t\t\t\t\t\t\t\t<\/div>\n\t\t\t\t<\/div>\n\t\t\t\t\t<\/div>\n\t\t<\/div>\n\t\t\t\t\t<\/div>\n\t\t<\/section>\n\t\t\t\t<section class=\"elementor-section elementor-top-section elementor-element elementor-element-8339aed elementor-section-boxed elementor-section-gap-beside-yes elementor-section-height-default elementor-section-height-default elementor-section-column-vertical-align-stretch\" data-id=\"8339aed\" data-element_type=\"section\" data-e-type=\"section\">\n\t\t\t\t\t\t<div class=\"elementor-container elementor-column-gap-extended\">\n\t\t\t\t\t<div class=\"elementor-column elementor-col-100 elementor-top-column elementor-element elementor-element-24d8af3\" data-id=\"24d8af3\" data-element_type=\"column\" data-e-type=\"column\">\n\t\t\t<div class=\"elementor-widget-wrap elementor-element-populated\">\n\t\t\t\t\t\t<div class=\"elementor-element elementor-element-b00d077 elementor-widget elementor-widget-text-editor\" data-id=\"b00d077\" data-element_type=\"widget\" data-e-type=\"widget\" data-widget_type=\"text-editor.default\">\n\t\t\t\t<div class=\"elementor-widget-container\">\n\t\t\t\t\t\t\t\t\t<ol><li><p><strong>\u00bfD\u00f3nde est\u00e1 ubicado Toy Story Hotel y a qu\u00e9 distancia est\u00e1 de Shanghai Disneyland?<\/strong><br \/>El Hotel Toy Story se encuentra en 360 Shendi W Rd, Pudong, Shangh\u00e1i, China, 200122, dentro del Shanghai Disneyland Resort. Est\u00e1 a poca distancia del parque tem\u00e1tico y ofrece autobuses lanzadera gratuitos para un f\u00e1cil acceso, que tardan solo unos minutos en llegar a la entrada del parque.<\/p><\/li><li><p><strong>\u00bfCu\u00e1l es la tem\u00e1tica de Toy Story Hotel y para qui\u00e9n es m\u00e1s adecuado?<\/strong><br \/>El hotel est\u00e1 ambientado en la pel\u00edcula Pixar. <em>Historia del juguete<\/em> Franquicia, con personajes como Woody, Buzz Lightyear y Jessie. Es ideal para familias con ni\u00f1os, fans de Disney y cualquiera que busque una experiencia l\u00fadica e inmersiva.<\/p><\/li><li><p><strong>\u00bfQu\u00e9 tipos de habitaciones est\u00e1n disponibles en Toy Story Hotel?<\/strong><br \/>El hotel ofrece una variedad de habitaciones tem\u00e1ticas, incluyendo habitaciones est\u00e1ndar, habitaciones con vista al patio y habitaciones accesibles. Las habitaciones est\u00e1n inspiradas en <em>Historia del juguete<\/em> escenarios como el patio trasero de Andy, con una decoraci\u00f3n divertida y toques de Disney.<\/p><\/li><li><p><strong>\u00bfToy Story Hotel ofrece entrada anticipada al parque Shanghai Disneyland?<\/strong><br \/>S\u00ed, los hu\u00e9spedes del Toy Story Hotel a menudo reciben privilegios de entrada anticipada al parque en d\u00edas seleccionados, lo que les permite acceder a Shanghai Disneyland antes de que abra al p\u00fablico general, sujeto a disponibilidad y t\u00e9rminos espec\u00edficos.<\/p><\/li><li><p><strong>\u00bfQu\u00e9 opciones gastron\u00f3micas est\u00e1n disponibles en Toy Story Hotel?<\/strong><br \/>El hotel cuenta con el <em>Caf\u00e9 Sunnyside<\/em>, un restaurante buffet que ofrece cocina internacional y china, y el <em>Cafeter\u00eda Toy Box<\/em> Para refrigerios y bebidas para llevar. Tambi\u00e9n ofrecemos servicio de habitaciones.<\/p><\/li><li><p><strong>\u00bfHay servicios o actividades para ni\u00f1os en Toy Story Hotel?<\/strong><br \/>S\u00ed, el hotel ofrece una piscina cubierta supervisada. <em>Sala de juegos<\/em> Para los ni\u00f1os, \u00e1reas de juego al aire libre como <em>Los corredores de Rex<\/em>, alquiler de cochecitos, cunas y servicio de ni\u00f1era bajo petici\u00f3n, lo que lo hace muy familiar.<\/p><\/li><li><p><strong>\u00bfToy Story Hotel ofrece servicios de transporte a Shanghai Disneyland?<\/strong><br \/>S\u00ed, hay autobuses gratuitos que circulan con frecuencia entre el hotel y Shanghai Disneyland, lo que garantiza un transporte c\u00f3modo y sin complicaciones para los hu\u00e9spedes.<\/p><\/li><li><p><strong>\u00bfHay estacionamiento disponible en Toy Story Hotel?<\/strong><br \/>S\u00ed, el hotel ofrece aparcamiento para sus hu\u00e9spedes. Sin embargo, debido a su proximidad al parque y al servicio de transporte, muchos hu\u00e9spedes optan por no conducir.<\/p><\/li><li><p><strong>\u00bfHay encuentros con personajes en Toy Story Hotel?<\/strong><br \/>S\u00ed, los invitados pueden tener la oportunidad de conocerse <em>Historia del juguete<\/em> Personajes como Woody y Buzz Lightyear durante su estancia, a menudo en el <em>Caf\u00e9 Sunnyside<\/em> o durante eventos especiales, aunque los horarios var\u00edan.<\/p><\/li><li><p><strong>\u00bfToy Story Hotel ofrece acceso Wi-Fi?<\/strong><br \/>S\u00ed, hay Wi-Fi gratuito disponible en todo el hotel, lo que permite a los hu\u00e9spedes mantenerse conectados, compartir fotos o planificar su itinerario en el parque con facilidad.<\/p><\/li><li><p><strong>\u00bfPuedo comprar entradas para Shanghai Disneyland en el Toy Story Hotel?<\/strong><br \/>S\u00ed, los hu\u00e9spedes pueden comprar entradas para el parque directamente en el hotel a trav\u00e9s del mostrador de conserjer\u00eda o de los servicios de venta de entradas, a menudo con el beneficio adicional de ofertas de paquetes u opciones FastPass.<\/p><\/li><li><p><strong>\u00bfEl Toy Story Hotel es accesible para hu\u00e9spedes con discapacidades?<\/strong><br \/>S\u00ed, el hotel est\u00e1 equipado con habitaciones accesibles, rampas, ascensores y personal capacitado para ayudar a los hu\u00e9spedes con discapacidades de movilidad, visuales o auditivas, garantizando una experiencia inclusiva.<\/p><\/li><li><p><strong>\u00bfCu\u00e1l es el horario de check-in y check-out en Toy Story Hotel?<\/strong><br \/>La hora de entrada est\u00e1ndar suele ser a las 15:00 y la de salida a las 11:00. Sin embargo, se puede solicitar entrada anticipada o salida tard\u00eda, sujeta a disponibilidad.<\/p><\/li><li><p><strong>\u00bfToy Story Hotel tiene una tienda de regalos con productos de Disney?<\/strong><br \/>S\u00ed, el <em>Tienda Lotso<\/em> Dentro del hotel se ofrece una amplia gama de <em>Historia del juguete<\/em>-mercanc\u00eda tem\u00e1tica, incluidos juguetes, ropa y art\u00edculos de colecci\u00f3n exclusivos, con entrega a las habitaciones disponible.<\/p><\/li><li><p><strong>\u00bfHay instalaciones de fitness o recreativas en Toy Story Hotel?<\/strong><br \/>S\u00ed, el hotel cuenta con un gimnasio con modernos equipos para que los hu\u00e9spedes mantengan sus rutinas de ejercicios, as\u00ed como \u00e1reas de juegos al aire libre y un tranquilo patio para relajarse.<\/p><\/li><\/ol>\t\t\t\t\t\t\t\t<\/div>\n\t\t\t\t<\/div>\n\t\t\t\t\t<\/div>\n\t\t<\/div>\n\t\t\t\t\t<\/div>\n\t\t<\/section>\n\t\t\t\t<\/div>","protected":false},"excerpt":{"rendered":"<p>These questions are based on common inquiries travelers and guests often have about this themed hotel within the Shanghai Disneyland Resort, addressing key aspects such as amenities, services, and proximity to the park. Where is Toy Story Hotel located, and how close is it to Shanghai Disneyland?Toy Story Hotel is located at 360 Shendi W [&hellip;]<\/p>\n","protected":false},"author":1,"featured_media":0,"parent":0,"menu_order":0,"comment_status":"closed","ping_status":"closed","template":"","meta":{"footnotes":""},"class_list":["post-2108","page","type-page","status-publish","hentry","post-no-thumbnail"],"_links":{"self":[{"href":"https:\/\/toystoryhotelshanghai.com\/es\/wp-json\/wp\/v2\/pages\/2108","targetHints":{"allow":["GET"]}}],"collection":[{"href":"https:\/\/toystoryhotelshanghai.com\/es\/wp-json\/wp\/v2\/pages"}],"about":[{"href":"https:\/\/toystoryhotelshanghai.com\/es\/wp-json\/wp\/v2\/types\/page"}],"author":[{"embeddable":true,"href":"https:\/\/toystoryhotelshanghai.com\/es\/wp-json\/wp\/v2\/users\/1"}],"replies":[{"embeddable":true,"href":"https:\/\/toystoryhotelshanghai.com\/es\/wp-json\/wp\/v2\/comments?post=2108"}],"version-history":[{"count":0,"href":"https:\/\/toystoryhotelshanghai.com\/es\/wp-json\/wp\/v2\/pages\/2108\/revisions"}],"wp:attachment":[{"href":"https:\/\/toystoryhotelshanghai.com\/es\/wp-json\/wp\/v2\/media?parent=2108"}],"curies":[{"name":"gracias","href":"https:\/\/api.w.org\/{rel}","templated":true}]}}