{"id":647,"date":"2021-03-29T02:13:52","date_gmt":"2021-03-29T02:13:52","guid":{"rendered":"http:\/\/localhost\/nuss\/?page_id=647"},"modified":"2025-12-04T13:42:31","modified_gmt":"2025-12-04T13:42:31","slug":"dienstleistungen","status":"publish","type":"page","link":"https:\/\/toystoryhotelshanghai.com\/de\/services\/","title":{"rendered":"Leistungen"},"content":{"rendered":"<div data-elementor-type=\"wp-page\" data-elementor-id=\"647\" class=\"elementor elementor-647\">\n\t\t\t\t\t\t<section class=\"elementor-section elementor-top-section elementor-element elementor-element-3353bc8 elementor-section-boxed elementor-section-gap-beside-yes elementor-section-height-default elementor-section-height-default elementor-section-column-vertical-align-stretch\" data-id=\"3353bc8\" data-element_type=\"section\" data-e-type=\"section\">\n\t\t\t\t\t\t<div class=\"elementor-container elementor-column-gap-extended\">\n\t\t\t\t\t<div class=\"elementor-column elementor-col-100 elementor-top-column elementor-element elementor-element-0a2bc64\" data-id=\"0a2bc64\" data-element_type=\"column\" data-e-type=\"column\">\n\t\t\t<div class=\"elementor-widget-wrap elementor-element-populated\">\n\t\t\t\t\t\t<div class=\"elementor-element elementor-element-447e3ef elementor-widget__width-initial elementor-invisible elementor-widget elementor-widget-text-editor\" data-id=\"447e3ef\" data-element_type=\"widget\" data-e-type=\"widget\" data-settings=\"{&quot;_animation&quot;:&quot;nussFadeInUp&quot;}\" data-widget_type=\"text-editor.default\">\n\t\t\t\t<div class=\"elementor-widget-container\">\n\t\t\t\t\t\t\t\t\t<p>Wir tun unser Bestes, um allen unseren G\u00e4sten die Dienstleistungen und Einrichtungen zu bieten, die ihren Aufenthalt unvergesslich machen.<\/p>\t\t\t\t\t\t\t\t<\/div>\n\t\t\t\t<\/div>\n\t\t\t\t\t<\/div>\n\t\t<\/div>\n\t\t\t\t\t<\/div>\n\t\t<\/section>\n\t\t\t\t<section class=\"elementor-section elementor-top-section elementor-element elementor-element-eb870d9 elementor-section-boxed elementor-section-gap-beside-yes elementor-section-height-default elementor-section-height-default elementor-section-column-vertical-align-stretch\" data-id=\"eb870d9\" data-element_type=\"section\" data-e-type=\"section\">\n\t\t\t\t\t\t<div class=\"elementor-container elementor-column-gap-extended\">\n\t\t\t\t\t<div class=\"elementor-column elementor-col-50 elementor-top-column elementor-element elementor-element-2f5d206\" data-id=\"2f5d206\" data-element_type=\"column\" data-e-type=\"column\">\n\t\t\t<div class=\"elementor-widget-wrap elementor-element-populated\">\n\t\t\t\t\t\t<div class=\"elementor-element elementor-element-a0de317 elementor-invisible nuss-elementor-loading nuss-slide-in-right elementor-widget elementor-widget-image\" data-id=\"a0de317\" data-element_type=\"widget\" data-e-type=\"widget\" data-settings=\"{&quot;_animation&quot;:&quot;nussSlideInRight&quot;}\" data-widget_type=\"image.default\">\n\t\t\t\t<div class=\"elementor-widget-container\">\n\t\t\t\t\t\t\t\t\t\t\t\t\t\t\t<img fetchpriority=\"high\" decoding=\"async\" width=\"568\" height=\"853\" src=\"https:\/\/toystoryhotelshanghai.com\/wp-content\/uploads\/2025\/06\/toy-story-hotel-shanghai-18.webp\" class=\"attachment-full size-full wp-image-5565\" alt=\"\" srcset=\"https:\/\/toystoryhotelshanghai.com\/wp-content\/uploads\/2025\/06\/toy-story-hotel-shanghai-18.webp 568w, https:\/\/toystoryhotelshanghai.com\/wp-content\/uploads\/2025\/06\/toy-story-hotel-shanghai-18-200x300.webp 200w, https:\/\/toystoryhotelshanghai.com\/wp-content\/uploads\/2025\/06\/toy-story-hotel-shanghai-18-8x12.webp 8w\" sizes=\"(max-width: 568px) 100vw, 568px\" \/>\t\t\t\t\t\t\t\t\t\t\t\t\t\t\t<\/div>\n\t\t\t\t<\/div>\n\t\t\t\t\t<\/div>\n\t\t<\/div>\n\t\t\t\t<div class=\"elementor-column elementor-col-50 elementor-top-column elementor-element elementor-element-36be69e\" data-id=\"36be69e\" data-element_type=\"column\" data-e-type=\"column\">\n\t\t\t<div class=\"elementor-widget-wrap elementor-element-populated\">\n\t\t\t\t\t\t<div class=\"elementor-element elementor-element-a5c4fb7 elementor-invisible elementor-widget elementor-widget-text-editor\" data-id=\"a5c4fb7\" data-element_type=\"widget\" data-e-type=\"widget\" data-settings=\"{&quot;_animation&quot;:&quot;nussFadeInUp&quot;}\" data-widget_type=\"text-editor.default\">\n\t\t\t\t<div class=\"elementor-widget-container\">\n\t\t\t\t\t\t\t\t\t<p>Eingebettet im Herzen des Shanghai Disneyland Resorts in 360 Shendi W Rd, Pudong, Shanghai, China, 200122, bietet das Toy Story Hotel \u2013 \u73a9\u5177\u7e3d\u52d5\u54e1\u9152\u5e97 ein skurriles und immersives Erlebnis, inspiriert von der beliebten Pixar-Zeichentrickfilmreihe. <em>Spielzeuggeschichte<\/em>Dieses familienfreundliche Hotel ist so gestaltet, dass sich seine G\u00e4ste wie in der verspielten Welt von Woody, Buzz Lightyear und ihren Spielzeugfreunden f\u00fchlen. Neben dem bezaubernden Thema und der lebendigen Einrichtung bietet das Hotel ein umfassendes Serviceangebot, das Besuchern jeden Alters einen zauberhaften, komfortablen und unvergesslichen Aufenthalt garantiert. Von der pers\u00f6nlichen G\u00e4stebetreuung bis hin zu praktischen Annehmlichkeiten \u2013 das Toy Story Hotel erf\u00fcllt die Bed\u00fcrfnisse von Familien, Paaren und Alleinreisenden, die die Wunder von Shanghai Disneyland erkunden, mit ganzer Kraft.<\/p><p>Ein herausragender Service des Toy Story Hotels ist die nahtlose Integration in das Shanghai Disneyland Resort. G\u00e4ste erhalten bevorzugten Zugang zum Park dank spezieller Transportm\u00f6glichkeiten, darunter kostenlose Shuttlebusse, die regelm\u00e4\u00dfig zwischen Hotel und Themenpark verkehren. So k\u00f6nnen Familien die Attraktionen optimal genie\u00dfen, ohne lange Anfahrtswege oder Parkplatzsorgen. Dar\u00fcber hinaus bietet das Hotel an ausgew\u00e4hlten Tagen einen fr\u00fchen Parkeintritt. So k\u00f6nnen G\u00e4ste beliebte Fahrgesch\u00e4fte erleben und beliebte Disney-Figuren vor dem Publikum treffen \u2013 und das bei minimalen Wartezeiten.<\/p>\t\t\t\t\t\t\t\t<\/div>\n\t\t\t\t<\/div>\n\t\t\t\t\t<\/div>\n\t\t<\/div>\n\t\t\t\t\t<\/div>\n\t\t<\/section>\n\t\t\t\t<section class=\"elementor-section elementor-top-section elementor-element elementor-element-30e46d3 elementor-section-boxed elementor-section-gap-beside-yes elementor-section-height-default elementor-section-height-default elementor-section-column-vertical-align-stretch\" data-id=\"30e46d3\" data-element_type=\"section\" data-e-type=\"section\">\n\t\t\t\t\t\t<div class=\"elementor-container elementor-column-gap-extended\">\n\t\t\t\t\t<div class=\"elementor-column elementor-col-50 elementor-top-column elementor-element elementor-element-5100fae\" data-id=\"5100fae\" data-element_type=\"column\" data-e-type=\"column\">\n\t\t\t<div class=\"elementor-widget-wrap elementor-element-populated\">\n\t\t\t\t\t\t<div class=\"elementor-element elementor-element-5b35b86 elementor-invisible elementor-widget elementor-widget-text-editor\" data-id=\"5b35b86\" data-element_type=\"widget\" data-e-type=\"widget\" data-settings=\"{&quot;_animation&quot;:&quot;nussFadeInUp&quot;}\" data-widget_type=\"text-editor.default\">\n\t\t\t\t<div class=\"elementor-widget-container\">\n\t\t\t\t\t\t\t\t\t<p>Das Engagement des Hotels f\u00fcr den Komfort seiner G\u00e4ste zeigt sich in der gro\u00dfen Auswahl an Restaurants, die auf eine Vielzahl von Geschm\u00e4ckern und Ern\u00e4hrungsbed\u00fcrfnissen eingehen. Die <em>Sunnyside Caf\u00e9<\/em>, inspiriert von der Kita aus <em>Toy Story 3<\/em>bietet ein k\u00f6stliches Buffet-Erlebnis mit internationaler und lokaler chinesischer K\u00fcche, sodass selbst die w\u00e4hlerischsten Esser etwas finden, das ihnen schmeckt. F\u00fcr schnelle Snacks oder Snacks bietet das <em>Toy Box Caf\u00e9<\/em> Das Hotel bietet Speisen zum Mitnehmen \u2013 ideal f\u00fcr Familien unterwegs. F\u00fcr alle, die nach einem langen Tag im Park lieber im Komfort ihrer Themenunterkunft entspannen m\u00f6chten, bietet das Hotel auch Zimmerservice an. Spezielle Ern\u00e4hrungsw\u00fcnsche, darunter vegetarische, glutenfreie und kinderfreundliche Gerichte, werden sorgf\u00e4ltig ber\u00fccksichtigt und spiegeln das Engagement des Hotels f\u00fcr Inklusivit\u00e4t wider.<\/p>\t\t\t\t\t\t\t\t<\/div>\n\t\t\t\t<\/div>\n\t\t\t\t\t<\/div>\n\t\t<\/div>\n\t\t\t\t<div class=\"elementor-column elementor-col-50 elementor-top-column elementor-element elementor-element-79980b6\" data-id=\"79980b6\" data-element_type=\"column\" data-e-type=\"column\">\n\t\t\t<div class=\"elementor-widget-wrap elementor-element-populated\">\n\t\t\t\t\t\t<div class=\"elementor-element elementor-element-59c2d22 elementor-invisible nuss-elementor-loading nuss-slide-in-left elementor-widget elementor-widget-image\" data-id=\"59c2d22\" data-element_type=\"widget\" data-e-type=\"widget\" data-settings=\"{&quot;_animation&quot;:&quot;nussSlideInLeft&quot;}\" data-widget_type=\"image.default\">\n\t\t\t\t<div class=\"elementor-widget-container\">\n\t\t\t\t\t\t\t\t\t\t\t\t\t\t\t<img decoding=\"async\" width=\"1280\" height=\"853\" src=\"https:\/\/toystoryhotelshanghai.com\/wp-content\/uploads\/2025\/06\/toy-story-hotel-shanghai-45.webp\" class=\"attachment-full size-full wp-image-5592\" alt=\"\" srcset=\"https:\/\/toystoryhotelshanghai.com\/wp-content\/uploads\/2025\/06\/toy-story-hotel-shanghai-45.webp 1280w, https:\/\/toystoryhotelshanghai.com\/wp-content\/uploads\/2025\/06\/toy-story-hotel-shanghai-45-300x200.webp 300w, https:\/\/toystoryhotelshanghai.com\/wp-content\/uploads\/2025\/06\/toy-story-hotel-shanghai-45-1024x682.webp 1024w, https:\/\/toystoryhotelshanghai.com\/wp-content\/uploads\/2025\/06\/toy-story-hotel-shanghai-45-768x512.webp 768w, https:\/\/toystoryhotelshanghai.com\/wp-content\/uploads\/2025\/06\/toy-story-hotel-shanghai-45-18x12.webp 18w\" sizes=\"(max-width: 1280px) 100vw, 1280px\" \/>\t\t\t\t\t\t\t\t\t\t\t\t\t\t\t<\/div>\n\t\t\t\t<\/div>\n\t\t\t\t\t<\/div>\n\t\t<\/div>\n\t\t\t\t\t<\/div>\n\t\t<\/section>\n\t\t\t\t<section class=\"elementor-section elementor-top-section elementor-element elementor-element-57e1072 elementor-section-boxed elementor-section-gap-beside-yes elementor-section-height-default elementor-section-height-default elementor-section-column-vertical-align-stretch\" data-id=\"57e1072\" data-element_type=\"section\" data-e-type=\"section\">\n\t\t\t\t\t\t<div class=\"elementor-container elementor-column-gap-extended\">\n\t\t\t\t\t<div class=\"elementor-column elementor-col-50 elementor-top-column elementor-element elementor-element-ae65b33\" data-id=\"ae65b33\" data-element_type=\"column\" data-e-type=\"column\">\n\t\t\t<div class=\"elementor-widget-wrap elementor-element-populated\">\n\t\t\t\t\t\t<div class=\"elementor-element elementor-element-3a0dcad elementor-invisible nuss-elementor-loading nuss-slide-in-right elementor-widget elementor-widget-image\" data-id=\"3a0dcad\" data-element_type=\"widget\" data-e-type=\"widget\" data-settings=\"{&quot;_animation&quot;:&quot;nussSlideInRight&quot;}\" data-widget_type=\"image.default\">\n\t\t\t\t<div class=\"elementor-widget-container\">\n\t\t\t\t\t\t\t\t\t\t\t\t\t\t\t<img decoding=\"async\" width=\"1242\" height=\"853\" src=\"https:\/\/toystoryhotelshanghai.com\/wp-content\/uploads\/2025\/06\/toy-story-hotel-shanghai-11.webp\" class=\"attachment-full size-full wp-image-5558\" alt=\"\" srcset=\"https:\/\/toystoryhotelshanghai.com\/wp-content\/uploads\/2025\/06\/toy-story-hotel-shanghai-11.webp 1242w, https:\/\/toystoryhotelshanghai.com\/wp-content\/uploads\/2025\/06\/toy-story-hotel-shanghai-11-300x206.webp 300w, https:\/\/toystoryhotelshanghai.com\/wp-content\/uploads\/2025\/06\/toy-story-hotel-shanghai-11-1024x703.webp 1024w, https:\/\/toystoryhotelshanghai.com\/wp-content\/uploads\/2025\/06\/toy-story-hotel-shanghai-11-768x527.webp 768w, https:\/\/toystoryhotelshanghai.com\/wp-content\/uploads\/2025\/06\/toy-story-hotel-shanghai-11-18x12.webp 18w\" sizes=\"(max-width: 1242px) 100vw, 1242px\" \/>\t\t\t\t\t\t\t\t\t\t\t\t\t\t\t<\/div>\n\t\t\t\t<\/div>\n\t\t\t\t\t<\/div>\n\t\t<\/div>\n\t\t\t\t<div class=\"elementor-column elementor-col-50 elementor-top-column elementor-element elementor-element-ecff995\" data-id=\"ecff995\" data-element_type=\"column\" data-e-type=\"column\">\n\t\t\t<div class=\"elementor-widget-wrap elementor-element-populated\">\n\t\t\t\t\t\t<div class=\"elementor-element elementor-element-4543a9b elementor-invisible elementor-widget elementor-widget-text-editor\" data-id=\"4543a9b\" data-element_type=\"widget\" data-e-type=\"widget\" data-settings=\"{&quot;_animation&quot;:&quot;nussFadeInUp&quot;}\" data-widget_type=\"text-editor.default\">\n\t\t\t\t<div class=\"elementor-widget-container\">\n\t\t\t\t\t\t\t\t\t<p>F\u00fcr Familien mit kleinen Kindern bietet das Toy Story Hotel eine au\u00dfergew\u00f6hnliche Auswahl an kinderorientierten Dienstleistungen, die jeden Moment stressfrei und unterhaltsam gestalten. Das Hotel verf\u00fcgt \u00fcber die <em>Spielzimmer<\/em>, ein beaufsichtigter Indoor-Spielbereich, in dem Kinder an kreativen Aktivit\u00e4ten, Spielen und Geschichtenerz\u00e4hlstunden teilnehmen k\u00f6nnen, die von der <em>Spielzeuggeschichte<\/em> Universum. Auf Anfrage ist auch ein Babysitting-Service verf\u00fcgbar, sodass Eltern einen ruhigen Abend genie\u00dfen oder das Resort erkunden k\u00f6nnen, w\u00e4hrend ihre Kleinen in sicheren H\u00e4nden sind. Dar\u00fcber hinaus bietet das Hotel Kinderwagen, Kinderbetten und andere Babyartikel zum Verleih an, damit Familien alles haben, was sie brauchen, ohne zu viel Gep\u00e4ck mitnehmen zu m\u00fcssen.<\/p><p>Neben familienorientierten Annehmlichkeiten legt das Toy Story Hotel auch Wert auf Entspannung und Erholung f\u00fcr alle G\u00e4ste. Der Au\u00dfenbereich <em>Rex&#039;s Racers<\/em> Der Spielbereich, der dem legend\u00e4ren T-Rex nachempfunden ist, bietet Kindern die M\u00f6glichkeit, sich auszutoben, w\u00e4hrend die Eltern in der N\u00e4he entspannen. Wer es ruhiger mag, findet im wundersch\u00f6n angelegten Innenhof des Hotels, inspiriert von Andys Garten, eine ruhige Umgebung zum Entspannen mit einem Buch oder einfach zum Genie\u00dfen der spielerischen Atmosph\u00e4re. G\u00e4ste k\u00f6nnen au\u00dferdem das hoteleigene Fitnesscenter mit modernen Ger\u00e4ten nutzen, sodass ihr Wellnessprogramm auch im Urlaub nicht zu kurz kommt.<\/p>\t\t\t\t\t\t\t\t<\/div>\n\t\t\t\t<\/div>\n\t\t\t\t\t<\/div>\n\t\t<\/div>\n\t\t\t\t\t<\/div>\n\t\t<\/section>\n\t\t\t\t<section class=\"elementor-section elementor-top-section elementor-element elementor-element-515005f elementor-section-boxed elementor-section-gap-beside-yes elementor-section-height-default elementor-section-height-default elementor-section-column-vertical-align-stretch\" data-id=\"515005f\" data-element_type=\"section\" data-e-type=\"section\">\n\t\t\t\t\t\t<div class=\"elementor-container elementor-column-gap-extended\">\n\t\t\t\t\t<div class=\"elementor-column elementor-col-50 elementor-top-column elementor-element elementor-element-b8bc943\" data-id=\"b8bc943\" data-element_type=\"column\" data-e-type=\"column\">\n\t\t\t<div class=\"elementor-widget-wrap elementor-element-populated\">\n\t\t\t\t\t\t<div class=\"elementor-element elementor-element-0415e9c elementor-invisible elementor-widget elementor-widget-text-editor\" data-id=\"0415e9c\" data-element_type=\"widget\" data-e-type=\"widget\" data-settings=\"{&quot;_animation&quot;:&quot;nussFadeInUp&quot;}\" data-widget_type=\"text-editor.default\">\n\t\t\t\t<div class=\"elementor-widget-container\">\n\t\t\t\t\t\t\t\t\t<p>Der Concierge-Service im Toy Story Hotel ist ein weiteres Highlight und bietet pers\u00f6nliche Unterst\u00fctzung, um den Aufenthalt jedes Gastes zu versch\u00f6nern. Ob es um FastPass-Tickets f\u00fcr die Attraktionen von Shanghai Disneyland, die Organisation von Transporten zu nahegelegenen Sehensw\u00fcrdigkeiten Shanghais oder Empfehlungen f\u00fcr Restaurants und Einkaufsm\u00f6glichkeiten in der Umgebung geht \u2013 das mehrsprachige Personal ist stets freundlich und hilfsbereit. Das Hotel bietet au\u00dferdem eine Gep\u00e4ckaufbewahrung, Express-Check-in und -Check-out sowie einen Geldwechselservice, um logistische Anforderungen effizient und unkompliziert zu erf\u00fcllen.<\/p><p>F\u00fcr G\u00e4ste, die ein St\u00fcck Magie mit nach Hause nehmen m\u00f6chten, <em>Lotso Shop<\/em> Das Hotel bietet eine umfangreiche Auswahl an <em>Spielzeuggeschichte<\/em>Themenbezogene Artikel, darunter exklusive Sammlerst\u00fccke, Kleidung und Spielzeug. Dank dieses Einkaufserlebnisses vor Ort m\u00fcssen Sie Ihre Eink\u00e4ufe nicht mehr durch den Park tragen, da die Artikel direkt aufs Zimmer geliefert oder zur Abholung an der Kasse bereitgehalten werden k\u00f6nnen.<\/p><p>Barrierefreiheit ist ein zentraler Schwerpunkt der Serviceleistungen des Toy Story Hotels. Das Hotel ist vollst\u00e4ndig auf G\u00e4ste mit Behinderungen ausgerichtet und bietet barrierefreie Zimmer, Rampen und Aufz\u00fcge sowie spezielle Betreuung, damit jeder den Zauber des Resorts genie\u00dfen kann. Das Personal ist geschult, G\u00e4ste mit Seh-, H\u00f6r- oder Mobilit\u00e4tseinschr\u00e4nkungen zu unterst\u00fctzen und so eine integrative Umgebung zu schaffen, in der sich alle Besucher willkommen f\u00fchlen.<\/p>\t\t\t\t\t\t\t\t<\/div>\n\t\t\t\t<\/div>\n\t\t\t\t\t<\/div>\n\t\t<\/div>\n\t\t\t\t<div class=\"elementor-column elementor-col-50 elementor-top-column elementor-element elementor-element-74f1a85\" data-id=\"74f1a85\" data-element_type=\"column\" data-e-type=\"column\">\n\t\t\t<div class=\"elementor-widget-wrap elementor-element-populated\">\n\t\t\t\t\t\t<div class=\"elementor-element elementor-element-d007f5e elementor-invisible nuss-elementor-loading nuss-slide-in-left elementor-widget elementor-widget-image\" data-id=\"d007f5e\" data-element_type=\"widget\" data-e-type=\"widget\" data-settings=\"{&quot;_animation&quot;:&quot;nussSlideInLeft&quot;}\" data-widget_type=\"image.default\">\n\t\t\t\t<div class=\"elementor-widget-container\">\n\t\t\t\t\t\t\t\t\t\t\t\t\t\t\t<img loading=\"lazy\" decoding=\"async\" width=\"800\" height=\"800\" src=\"https:\/\/toystoryhotelshanghai.com\/wp-content\/uploads\/2025\/06\/toy-story-hotel-shanghai-4.webp\" class=\"attachment-full size-full wp-image-5551\" alt=\"\" srcset=\"https:\/\/toystoryhotelshanghai.com\/wp-content\/uploads\/2025\/06\/toy-story-hotel-shanghai-4.webp 800w, https:\/\/toystoryhotelshanghai.com\/wp-content\/uploads\/2025\/06\/toy-story-hotel-shanghai-4-300x300.webp 300w, https:\/\/toystoryhotelshanghai.com\/wp-content\/uploads\/2025\/06\/toy-story-hotel-shanghai-4-150x150.webp 150w, https:\/\/toystoryhotelshanghai.com\/wp-content\/uploads\/2025\/06\/toy-story-hotel-shanghai-4-768x768.webp 768w, https:\/\/toystoryhotelshanghai.com\/wp-content\/uploads\/2025\/06\/toy-story-hotel-shanghai-4-12x12.webp 12w\" sizes=\"(max-width: 800px) 100vw, 800px\" \/>\t\t\t\t\t\t\t\t\t\t\t\t\t\t\t<\/div>\n\t\t\t\t<\/div>\n\t\t\t\t\t<\/div>\n\t\t<\/div>\n\t\t\t\t\t<\/div>\n\t\t<\/section>\n\t\t\t\t<section class=\"elementor-section elementor-top-section elementor-element elementor-element-a2b4867 elementor-section-boxed elementor-section-gap-beside-yes elementor-section-height-default elementor-section-height-default elementor-section-column-vertical-align-stretch\" data-id=\"a2b4867\" data-element_type=\"section\" data-e-type=\"section\">\n\t\t\t\t\t\t<div class=\"elementor-container elementor-column-gap-extended\">\n\t\t\t\t\t<div class=\"elementor-column elementor-col-50 elementor-top-column elementor-element elementor-element-6956aff\" data-id=\"6956aff\" data-element_type=\"column\" data-e-type=\"column\">\n\t\t\t<div class=\"elementor-widget-wrap elementor-element-populated\">\n\t\t\t\t\t\t<div class=\"elementor-element elementor-element-ddcbe5d elementor-invisible nuss-elementor-loading nuss-slide-in-right elementor-widget elementor-widget-image\" data-id=\"ddcbe5d\" data-element_type=\"widget\" data-e-type=\"widget\" data-settings=\"{&quot;_animation&quot;:&quot;nussSlideInRight&quot;}\" data-widget_type=\"image.default\">\n\t\t\t\t<div class=\"elementor-widget-container\">\n\t\t\t\t\t\t\t\t\t\t\t\t\t\t\t<img loading=\"lazy\" decoding=\"async\" width=\"989\" height=\"853\" src=\"https:\/\/toystoryhotelshanghai.com\/wp-content\/uploads\/2025\/06\/toy-story-hotel-shanghai-62.webp\" class=\"attachment-full size-full wp-image-5610\" alt=\"\" srcset=\"https:\/\/toystoryhotelshanghai.com\/wp-content\/uploads\/2025\/06\/toy-story-hotel-shanghai-62.webp 989w, https:\/\/toystoryhotelshanghai.com\/wp-content\/uploads\/2025\/06\/toy-story-hotel-shanghai-62-300x259.webp 300w, https:\/\/toystoryhotelshanghai.com\/wp-content\/uploads\/2025\/06\/toy-story-hotel-shanghai-62-768x662.webp 768w, https:\/\/toystoryhotelshanghai.com\/wp-content\/uploads\/2025\/06\/toy-story-hotel-shanghai-62-14x12.webp 14w\" sizes=\"(max-width: 989px) 100vw, 989px\" \/>\t\t\t\t\t\t\t\t\t\t\t\t\t\t\t<\/div>\n\t\t\t\t<\/div>\n\t\t\t\t\t<\/div>\n\t\t<\/div>\n\t\t\t\t<div class=\"elementor-column elementor-col-50 elementor-top-column elementor-element elementor-element-745a67b\" data-id=\"745a67b\" data-element_type=\"column\" data-e-type=\"column\">\n\t\t\t<div class=\"elementor-widget-wrap elementor-element-populated\">\n\t\t\t\t\t\t<div class=\"elementor-element elementor-element-9370324 elementor-invisible elementor-widget elementor-widget-text-editor\" data-id=\"9370324\" data-element_type=\"widget\" data-e-type=\"widget\" data-settings=\"{&quot;_animation&quot;:&quot;nussFadeInUp&quot;}\" data-widget_type=\"text-editor.default\">\n\t\t\t\t<div class=\"elementor-widget-container\">\n\t\t\t\t\t\t\t\t\t<p>Zus\u00e4tzlich zu diesen Kernleistungen veranstaltet das Toy Story Hotel regelm\u00e4\u00dfig saisonale Events und Meet-and-Greets mit den Figuren, bei denen die G\u00e4ste mit ihren Lieblingsfiguren interagieren k\u00f6nnen. <em>Spielzeuggeschichte<\/em> Charaktere direkt im Hotel. Von weihnachtlichen Feiern bis hin zu \u00dcberraschungsauftritten von Woody und Buzz verleihen diese einzigartigen Erlebnisse dem Aufenthalt eine ganz besondere Note. Das Hotel bietet au\u00dferdem kostenloses WLAN im gesamten Geb\u00e4ude, sodass G\u00e4ste in Verbindung bleiben, ihre magischen Momente in den sozialen Medien teilen oder ihren Parkbesuch ganz einfach planen k\u00f6nnen.<\/p><p>Im Toy Story Hotel \u2013 \u73a9\u5177\u7e3d\u52d5\u54e1\u9152 Aliexpress ist jedes Detail darauf ausgelegt, die G\u00e4ste in den spielerischen Geist des Toy Story Hotel eintauchen zu lassen <em>Spielzeuggeschichte<\/em> Franchise und bietet gleichzeitig erstklassige Gastfreundschaft. Ob Sie als Familie ein einmaliges Disney-Abenteuer erleben oder als Alleinreisender einen einzigartigen und nostalgischen Kurzurlaub verbringen m\u00f6chten \u2013 die umfangreichen Serviceleistungen des Hotels sorgen f\u00fcr Komfort, Bequemlichkeit und endlosen Spa\u00df. Vom Check-in bis zum Abschied von Andys Spielzeugkiste verspricht das Toy Story Hotel ein unvergessliches Erlebnis, das die Magie von Disney einf\u00e4ngt.<\/p>\t\t\t\t\t\t\t\t<\/div>\n\t\t\t\t<\/div>\n\t\t\t\t\t<\/div>\n\t\t<\/div>\n\t\t\t\t\t<\/div>\n\t\t<\/section>\n\t\t\t\t<\/div>","protected":false},"excerpt":{"rendered":"<p>We do our best to offer all our guests the services and facilities to make their stay a memorable one. Nestled in the heart of Shanghai Disneyland Resort at 360 Shendi W Rd, Pudong, Shanghai, China, 200122, the Toy Story Hotel &#8211; \u73a9\u5177\u7e3d\u52d5\u54e1\u9152\u5e97 offers a whimsical and immersive experience inspired by the beloved Pixar animated [&hellip;]<\/p>\n","protected":false},"author":1,"featured_media":0,"parent":0,"menu_order":0,"comment_status":"closed","ping_status":"closed","template":"","meta":{"footnotes":""},"class_list":["post-647","page","type-page","status-publish","hentry","post-no-thumbnail"],"_links":{"self":[{"href":"https:\/\/toystoryhotelshanghai.com\/de\/wp-json\/wp\/v2\/pages\/647","targetHints":{"allow":["GET"]}}],"collection":[{"href":"https:\/\/toystoryhotelshanghai.com\/de\/wp-json\/wp\/v2\/pages"}],"about":[{"href":"https:\/\/toystoryhotelshanghai.com\/de\/wp-json\/wp\/v2\/types\/page"}],"author":[{"embeddable":true,"href":"https:\/\/toystoryhotelshanghai.com\/de\/wp-json\/wp\/v2\/users\/1"}],"replies":[{"embeddable":true,"href":"https:\/\/toystoryhotelshanghai.com\/de\/wp-json\/wp\/v2\/comments?post=647"}],"version-history":[{"count":0,"href":"https:\/\/toystoryhotelshanghai.com\/de\/wp-json\/wp\/v2\/pages\/647\/revisions"}],"wp:attachment":[{"href":"https:\/\/toystoryhotelshanghai.com\/de\/wp-json\/wp\/v2\/media?parent=647"}],"curies":[{"name":"wp","href":"https:\/\/api.w.org\/{rel}","templated":true}]}}