{"id":612,"date":"2021-03-26T10:04:13","date_gmt":"2021-03-26T10:04:13","guid":{"rendered":"http:\/\/localhost\/nuss\/?page_id=612"},"modified":"2025-12-04T13:42:22","modified_gmt":"2025-12-04T13:42:22","slug":"restaurant","status":"publish","type":"page","link":"https:\/\/toystoryhotelshanghai.com\/de\/restaurant\/","title":{"rendered":"Restaurant"},"content":{"rendered":"<div data-elementor-type=\"wp-page\" data-elementor-id=\"612\" class=\"elementor elementor-612\">\n\t\t\t\t\t\t<section class=\"elementor-section elementor-top-section elementor-element elementor-element-e2effe8 elementor-section-boxed elementor-section-gap-beside-yes elementor-section-height-default elementor-section-height-default elementor-section-column-vertical-align-stretch\" data-id=\"e2effe8\" data-element_type=\"section\" data-e-type=\"section\">\n\t\t\t\t\t\t<div class=\"elementor-container elementor-column-gap-extended\">\n\t\t\t\t\t<div class=\"elementor-column elementor-col-100 elementor-top-column elementor-element elementor-element-e18f688\" data-id=\"e18f688\" data-element_type=\"column\" data-e-type=\"column\">\n\t\t\t<div class=\"elementor-widget-wrap elementor-element-populated\">\n\t\t\t\t\t\t<div class=\"elementor-element elementor-element-6db146d elementor-widget__width-initial elementor-invisible elementor-widget elementor-widget-text-editor\" data-id=\"6db146d\" data-element_type=\"widget\" data-e-type=\"widget\" data-settings=\"{&quot;_animation&quot;:&quot;nussFadeInUp&quot;}\" data-widget_type=\"text-editor.default\">\n\t\t\t\t<div class=\"elementor-widget-container\">\n\t\t\t\t\t\t\t\t\t<p>Willkommen in der bezaubernden Welt des Essens im Toy Story Hotel \u2013 \u73a9\u5177\u7e3d\u52d5\u54e1\u9152\u5e97, 360 Shendi W Rd, Pudong, Shanghai, China, 200122, im magischen Reich des Shanghai Disneyland Resort.<\/p>\t\t\t\t\t\t\t\t<\/div>\n\t\t\t\t<\/div>\n\t\t\t\t\t<\/div>\n\t\t<\/div>\n\t\t\t\t\t<\/div>\n\t\t<\/section>\n\t\t<div class=\"elementor-element elementor-element-7e1a9b4 e-flex e-con-boxed e-con e-parent\" data-id=\"7e1a9b4\" data-element_type=\"container\" data-e-type=\"container\">\n\t\t\t\t\t<div class=\"e-con-inner\">\n\t\t<div class=\"elementor-element elementor-element-606ad87 e-con-full e-flex e-con e-child\" data-id=\"606ad87\" data-element_type=\"container\" data-e-type=\"container\">\n\t\t\t\t<div class=\"elementor-element elementor-element-e247acb elementor-widget elementor-widget-image\" data-id=\"e247acb\" data-element_type=\"widget\" data-e-type=\"widget\" data-widget_type=\"image.default\">\n\t\t\t\t<div class=\"elementor-widget-container\">\n\t\t\t\t\t\t\t\t\t\t\t\t\t\t\t<img fetchpriority=\"high\" decoding=\"async\" width=\"1024\" height=\"682\" src=\"https:\/\/toystoryhotelshanghai.com\/wp-content\/uploads\/2025\/06\/toy-story-hotel-shanghai-1-1024x682.webp\" class=\"attachment-large size-large wp-image-5602\" alt=\"\" srcset=\"https:\/\/toystoryhotelshanghai.com\/wp-content\/uploads\/2025\/06\/toy-story-hotel-shanghai-1-1024x682.webp 1024w, https:\/\/toystoryhotelshanghai.com\/wp-content\/uploads\/2025\/06\/toy-story-hotel-shanghai-1-300x200.webp 300w, https:\/\/toystoryhotelshanghai.com\/wp-content\/uploads\/2025\/06\/toy-story-hotel-shanghai-1-768x512.webp 768w, https:\/\/toystoryhotelshanghai.com\/wp-content\/uploads\/2025\/06\/toy-story-hotel-shanghai-1-18x12.webp 18w, https:\/\/toystoryhotelshanghai.com\/wp-content\/uploads\/2025\/06\/toy-story-hotel-shanghai-1.webp 1280w\" sizes=\"(max-width: 1024px) 100vw, 1024px\" \/>\t\t\t\t\t\t\t\t\t\t\t\t\t\t\t<\/div>\n\t\t\t\t<\/div>\n\t\t\t\t<\/div>\n\t\t<div class=\"elementor-element elementor-element-bfbaffe e-con-full e-flex e-con e-child\" data-id=\"bfbaffe\" data-element_type=\"container\" data-e-type=\"container\">\n\t\t\t\t<div class=\"elementor-element elementor-element-607ddde elementor-widget elementor-widget-text-editor\" data-id=\"607ddde\" data-element_type=\"widget\" data-e-type=\"widget\" data-widget_type=\"text-editor.default\">\n\t\t\t\t<div class=\"elementor-widget-container\">\n\t\t\t\t\t\t\t\t\t<p>Dieses skurrile Hotel, inspiriert von Pixars beliebtem <em>Spielzeuggeschichte<\/em> Das Toy Story Hotel bietet nicht nur einen vergn\u00fcglichen Aufenthalt, sondern auch ein k\u00f6stliches kulinarisches Erlebnis, das den Spa\u00df und die Nostalgie von Woody, Buzz Lightyear und seinen Freunden einf\u00e4ngt. Ob Sie mit der Familie Shanghai Disneyland besuchen, als Paar ein einzigartiges kulinarisches Erlebnis suchen oder als Alleinreisender Pudong erkunden \u2013 die kulinarischen Angebote des Toy Story Hotels versprechen Ihnen ein wahres Geschmackserlebnis mit einer Mischung aus internationalen Aromen, lokaler chinesischer K\u00fcche und kulinarischen Themenzaubern. Tauchen Sie ein in eine Welt voller Aromen und Spa\u00df und erkunden Sie den au\u00dfergew\u00f6hnlichen Restaurantservice dieses einzigartigen Shanghaier Hotels \u2013 perfekt f\u00fcr Disney-Fans und Gourmets gleicherma\u00dfen.<\/p>\t\t\t\t\t\t\t\t<\/div>\n\t\t\t\t<\/div>\n\t\t\t\t<\/div>\n\t\t\t\t\t<\/div>\n\t\t\t\t<\/div>\n\t\t<div class=\"elementor-element elementor-element-ef609c2 e-flex e-con-boxed e-con e-parent\" data-id=\"ef609c2\" data-element_type=\"container\" data-e-type=\"container\">\n\t\t\t\t\t<div class=\"e-con-inner\">\n\t\t<div class=\"elementor-element elementor-element-3a73099 e-con-full e-flex e-con e-child\" data-id=\"3a73099\" data-element_type=\"container\" data-e-type=\"container\">\n\t\t\t\t<div class=\"elementor-element elementor-element-5e05ae0 elementor-widget elementor-widget-text-editor\" data-id=\"5e05ae0\" data-element_type=\"widget\" data-e-type=\"widget\" data-widget_type=\"text-editor.default\">\n\t\t\t\t<div class=\"elementor-widget-container\">\n\t\t\t\t\t\t\t\t\t<p>Im Mittelpunkt des kulinarischen Erlebnisses im Toy Story Hotel steht die <em>Sunnyside Caf\u00e9<\/em>, ein lebhaftes Buffetrestaurant, benannt nach der legend\u00e4ren Kindertagesst\u00e4tte aus <em>Toy Story 3<\/em>Dieses familienfreundliche Restaurant ist so gestaltet, dass die G\u00e4ste in die farbenfrohe, verspielte Atmosph\u00e4re des <em>Spielzeuggeschichte<\/em> Universum, mit Dekor, das den Charme von Andys Spielzeug zum Leben erweckt. Die <em>Sunnyside Caf\u00e9<\/em> Das Restaurant bietet eine umfangreiche Speisekarte mit einer Mischung aus westlichen und asiatischen Gerichten und bietet so f\u00fcr jeden Geschmack etwas \u2013 vom anspruchsvollen Esser bis zum experimentierfreudigen Feinschmecker. Genie\u00dfen Sie klassische Hausmannskost wie fluffige Pfannkuchen und saftige Burger neben authentischen chinesischen Spezialit\u00e4ten wie Dim Sum und gebratenen Nudeln. Mit t\u00e4glichen Fr\u00fchst\u00fccks-, Mittags- und Abendbuffets ist dieses Restaurant ein beliebter Treffpunkt f\u00fcr Hotelg\u00e4ste und Besucher des Shanghai Disneyland und bietet eine praktische und k\u00f6stliche Speisem\u00f6glichkeit nur wenige Schritte vom Park entfernt.<\/p><p>F\u00fcr alle, die unterwegs sind oder einen schnellen Snack zwischen den Abenteuern im Themenpark suchen, ist das <em>Toy Box Caf\u00e9<\/em> Das Toy Story Hotel bietet ein wunderbares Grab-and-go-Erlebnis. Dieses zwanglose Restaurant ist perfekt an den verspielten Geist einer Spielzeugkiste angelehnt und serviert eine Auswahl an leichten Snacks, Geb\u00e4ck, Sandwiches und erfrischenden Getr\u00e4nken. Egal, ob Sie sich f\u00fcr einen Tag voller Fahrgesch\u00e4fte und Treffen mit den Figuren st\u00e4rken oder nach einem Besuch im Shanghai Disneyland einen sp\u00e4ten Snack genie\u00dfen m\u00f6chten, das <em>Toy Box Caf\u00e9<\/em> sorgt daf\u00fcr, dass Sie immer einen leckeren Muntermacher zur Hand haben. Es ist die ideale Wahl f\u00fcr Familien, die kinderfreundliche Mahlzeiten suchen, oder f\u00fcr Reisende, die in Pudong, Shanghai, einen schnellen, g\u00fcnstigen Imbiss brauchen.<\/p>\t\t\t\t\t\t\t\t<\/div>\n\t\t\t\t<\/div>\n\t\t\t\t<\/div>\n\t\t<div class=\"elementor-element elementor-element-3ce9046 e-con-full e-flex e-con e-child\" data-id=\"3ce9046\" data-element_type=\"container\" data-e-type=\"container\">\n\t\t\t\t<div class=\"elementor-element elementor-element-6deffbc elementor-widget elementor-widget-image\" data-id=\"6deffbc\" data-element_type=\"widget\" data-e-type=\"widget\" data-widget_type=\"image.default\">\n\t\t\t\t<div class=\"elementor-widget-container\">\n\t\t\t\t\t\t\t\t\t\t\t\t\t\t\t<img decoding=\"async\" width=\"1024\" height=\"682\" src=\"https:\/\/toystoryhotelshanghai.com\/wp-content\/uploads\/2025\/06\/toy-story-hotel-shanghai-31-1024x682.webp\" class=\"attachment-large size-large wp-image-5578\" alt=\"\" srcset=\"https:\/\/toystoryhotelshanghai.com\/wp-content\/uploads\/2025\/06\/toy-story-hotel-shanghai-31-1024x682.webp 1024w, https:\/\/toystoryhotelshanghai.com\/wp-content\/uploads\/2025\/06\/toy-story-hotel-shanghai-31-300x200.webp 300w, https:\/\/toystoryhotelshanghai.com\/wp-content\/uploads\/2025\/06\/toy-story-hotel-shanghai-31-768x512.webp 768w, https:\/\/toystoryhotelshanghai.com\/wp-content\/uploads\/2025\/06\/toy-story-hotel-shanghai-31-18x12.webp 18w, https:\/\/toystoryhotelshanghai.com\/wp-content\/uploads\/2025\/06\/toy-story-hotel-shanghai-31.webp 1280w\" sizes=\"(max-width: 1024px) 100vw, 1024px\" \/>\t\t\t\t\t\t\t\t\t\t\t\t\t\t\t<\/div>\n\t\t\t\t<\/div>\n\t\t\t\t<\/div>\n\t\t\t\t\t<\/div>\n\t\t\t\t<\/div>\n\t\t<div class=\"elementor-element elementor-element-119489d e-flex e-con-boxed e-con e-parent\" data-id=\"119489d\" data-element_type=\"container\" data-e-type=\"container\">\n\t\t\t\t\t<div class=\"e-con-inner\">\n\t\t<div class=\"elementor-element elementor-element-6a35f06 e-con-full e-flex e-con e-child\" data-id=\"6a35f06\" data-element_type=\"container\" data-e-type=\"container\">\n\t\t\t\t<div class=\"elementor-element elementor-element-ae20d82 elementor-widget elementor-widget-image\" data-id=\"ae20d82\" data-element_type=\"widget\" data-e-type=\"widget\" data-widget_type=\"image.default\">\n\t\t\t\t<div class=\"elementor-widget-container\">\n\t\t\t\t\t\t\t\t\t\t\t\t\t\t\t<img decoding=\"async\" width=\"1024\" height=\"682\" src=\"https:\/\/toystoryhotelshanghai.com\/wp-content\/uploads\/2025\/06\/toy-story-hotel-shanghai-34-1024x682.webp\" class=\"attachment-large size-large wp-image-5581\" alt=\"\" srcset=\"https:\/\/toystoryhotelshanghai.com\/wp-content\/uploads\/2025\/06\/toy-story-hotel-shanghai-34-1024x682.webp 1024w, https:\/\/toystoryhotelshanghai.com\/wp-content\/uploads\/2025\/06\/toy-story-hotel-shanghai-34-300x200.webp 300w, https:\/\/toystoryhotelshanghai.com\/wp-content\/uploads\/2025\/06\/toy-story-hotel-shanghai-34-768x512.webp 768w, https:\/\/toystoryhotelshanghai.com\/wp-content\/uploads\/2025\/06\/toy-story-hotel-shanghai-34-18x12.webp 18w, https:\/\/toystoryhotelshanghai.com\/wp-content\/uploads\/2025\/06\/toy-story-hotel-shanghai-34.webp 1280w\" sizes=\"(max-width: 1024px) 100vw, 1024px\" \/>\t\t\t\t\t\t\t\t\t\t\t\t\t\t\t<\/div>\n\t\t\t\t<\/div>\n\t\t\t\t<\/div>\n\t\t<div class=\"elementor-element elementor-element-62ab2b7 e-con-full e-flex e-con e-child\" data-id=\"62ab2b7\" data-element_type=\"container\" data-e-type=\"container\">\n\t\t\t\t<div class=\"elementor-element elementor-element-bde379a elementor-widget elementor-widget-text-editor\" data-id=\"bde379a\" data-element_type=\"widget\" data-e-type=\"widget\" data-widget_type=\"text-editor.default\">\n\t\t\t\t<div class=\"elementor-widget-container\">\n\t\t\t\t\t\t\t\t\t<p>Was das Essen im Toy Story Hotel so besonders macht, ist sein Engagement, magische Momente durch Essen zu schaffen. Das K\u00fcchenteam des Hotels geht besonders auf die unterschiedlichsten Ern\u00e4hrungsbed\u00fcrfnisse ein und bietet auf Anfrage vegetarische, glutenfreie und allergikerfreundliche Optionen an. Dieses Engagement f\u00fcr Inklusivit\u00e4t stellt sicher, dass jeder Gast, unabh\u00e4ngig von seinen Ern\u00e4hrungsvorlieben, ein unvergessliches Essen genie\u00dfen kann. Zus\u00e4tzlich bietet das Hotel Zimmerservice f\u00fcr alle, die nach einem aufregenden Tag im Shanghai Disneyland lieber in ihren Themenunterk\u00fcnften entspannen m\u00f6chten. Stellen Sie sich vor, Sie genie\u00dfen eine warme Mahlzeit oder ein s\u00fc\u00dfes Dessert inmitten der verspielten Dekoration von Woody&#039;s Roundup oder Buzz&#039;s Star Command \u2013 pure Disney-Magie zum Greifen nah.<\/p><p>Beim Essen im Toy Story Hotel geht es nicht nur um das Essen; es geht darum, bleibende Erinnerungen zu schaffen. Saisonale Veranstaltungen und Charakter-Dinner finden oft im <em>Sunnyside Caf\u00e9<\/em>, wo die G\u00e4ste auf beliebte <em>Spielzeuggeschichte<\/em> Charaktere wie Woody oder Jessie w\u00e4hrend des Essens. Diese einzigartigen Interaktionen sorgen f\u00fcr zus\u00e4tzliche Spannung und machen jeden Moment des Essens zu einem unvergesslichen Erlebnis Ihres Shanghai Disneyland-Urlaubs. F\u00fcr Familien, die Shanghai besuchen, ist dies eine einmalige Gelegenheit, k\u00f6stliche K\u00fcche mit der Freude am Disney-Geschichtenerz\u00e4hlen zu verbinden \u2013 und das alles im Komfort eines Themenhotelrestaurants.<\/p>\t\t\t\t\t\t\t\t<\/div>\n\t\t\t\t<\/div>\n\t\t\t\t<\/div>\n\t\t\t\t\t<\/div>\n\t\t\t\t<\/div>\n\t\t<div class=\"elementor-element elementor-element-19624fe e-flex e-con-boxed e-con e-parent\" data-id=\"19624fe\" data-element_type=\"container\" data-e-type=\"container\">\n\t\t\t\t\t<div class=\"e-con-inner\">\n\t\t<div class=\"elementor-element elementor-element-4cb096b e-con-full e-flex e-con e-child\" data-id=\"4cb096b\" data-element_type=\"container\" data-e-type=\"container\">\n\t\t\t\t<div class=\"elementor-element elementor-element-976e4b4 elementor-widget elementor-widget-text-editor\" data-id=\"976e4b4\" data-element_type=\"widget\" data-e-type=\"widget\" data-widget_type=\"text-editor.default\">\n\t\t\t\t<div class=\"elementor-widget-container\">\n\t\t\t\t\t\t\t\t\t<p>Dank seiner g\u00fcnstigen Lage in der N\u00e4he von Shanghai Disneyland eignen sich die gastronomischen Einrichtungen des Toy Story Hotels ideal f\u00fcr Hotelg\u00e4ste und Tagesbesucher, die ein Themenrestaurant in Pudong suchen. Dank der N\u00e4he zum Park und dem kostenlosen Shuttleservice k\u00f6nnen Sie bequem eine herzhafte Mahlzeit genie\u00dfen. <em>Sunnyside Caf\u00e9<\/em> oder einen schnellen Snack im <em>Toy Box Caf\u00e9<\/em> ohne einen Moment der Disney-Magie zu verpassen. \u00dcber das Essen hinaus sorgt das herzliche und einladende Personal im Toy Story Hotel daf\u00fcr, dass jedes kulinarische Erlebnis mit au\u00dfergew\u00f6hnlichem Service abgerundet wird, der die ber\u00fchmte Gastfreundschaft der Disney-Resorts weltweit widerspiegelt.<\/p><p>F\u00fcr alle, die die besten familienfreundlichen Restaurants in Shanghai oder einzigartige kulinarische Erlebnisse in der N\u00e4he von Shanghai Disneyland suchen, ist das Toy Story Hotel \u2013 \u73a9\u5177\u7e3d\u52d5\u54e1\u9152\u5e97 die erste Wahl. Sein thematisch gestaltetes Ambiente, die abwechslungsreiche Speisekarte und das Engagement f\u00fcr die Zufriedenheit seiner G\u00e4ste machen es zu einem Muss f\u00fcr alle, die Pudong erkunden oder einen Disney-Urlaub in China planen. Ob Sie Lust auf internationale Aromen, authentische chinesische Gerichte oder einfach nur auf ein gem\u00fctliches Essen mit Ihrem Lieblingsgast haben \u2013 hier finden Sie alles, was Sie brauchen. <em>Spielzeuggeschichte<\/em> Die Speisem\u00f6glichkeiten in diesem Hotel in Shanghai bieten mit ihren zahlreichen Charakteren eine unvergessliche kulinarische Reise.<\/p><p>Wenn Sie also eine Reise nach Shanghai Disneyland planen oder ein magisches kulinarisches Erlebnis in Pudong suchen, sind die Restaurants im Toy Story Hotel genau das Richtige f\u00fcr Sie. Buchen Sie Ihren Aufenthalt oder planen Sie Ihren Besuch im 360 Shendi W Rd, Shanghai, China, 200122, und lassen Sie sich von den Aromen von <em>Spielzeuggeschichte<\/em> Erwecken Sie Ihr Disney-Abenteuer zum Leben. Vom Buffet bis zum kleinen Imbiss \u2013 jede Mahlzeit hier ist ein Fest voller Spa\u00df, Familie und dem zeitlosen Charme der legend\u00e4ren Pixar-Spielzeuge. Kommen Sie hungrig, gehen Sie gl\u00fccklich und machen Sie das Essen im Toy Story Hotel zu einem Highlight Ihrer Shanghai-Reise!<\/p>\t\t\t\t\t\t\t\t<\/div>\n\t\t\t\t<\/div>\n\t\t\t\t<\/div>\n\t\t<div class=\"elementor-element elementor-element-2013852 e-con-full e-flex e-con e-child\" data-id=\"2013852\" data-element_type=\"container\" data-e-type=\"container\">\n\t\t\t\t<div class=\"elementor-element elementor-element-2fc90a2 elementor-widget elementor-widget-image\" data-id=\"2fc90a2\" data-element_type=\"widget\" data-e-type=\"widget\" data-widget_type=\"image.default\">\n\t\t\t\t<div class=\"elementor-widget-container\">\n\t\t\t\t\t\t\t\t\t\t\t\t\t\t\t<img loading=\"lazy\" decoding=\"async\" width=\"1024\" height=\"682\" src=\"https:\/\/toystoryhotelshanghai.com\/wp-content\/uploads\/2025\/06\/toy-story-hotel-shanghai-13-1024x682.webp\" class=\"attachment-large size-large wp-image-5560\" alt=\"\" srcset=\"https:\/\/toystoryhotelshanghai.com\/wp-content\/uploads\/2025\/06\/toy-story-hotel-shanghai-13-1024x682.webp 1024w, https:\/\/toystoryhotelshanghai.com\/wp-content\/uploads\/2025\/06\/toy-story-hotel-shanghai-13-300x200.webp 300w, https:\/\/toystoryhotelshanghai.com\/wp-content\/uploads\/2025\/06\/toy-story-hotel-shanghai-13-768x512.webp 768w, https:\/\/toystoryhotelshanghai.com\/wp-content\/uploads\/2025\/06\/toy-story-hotel-shanghai-13-18x12.webp 18w, https:\/\/toystoryhotelshanghai.com\/wp-content\/uploads\/2025\/06\/toy-story-hotel-shanghai-13.webp 1280w\" sizes=\"(max-width: 1024px) 100vw, 1024px\" \/>\t\t\t\t\t\t\t\t\t\t\t\t\t\t\t<\/div>\n\t\t\t\t<\/div>\n\t\t\t\t<\/div>\n\t\t\t\t\t<\/div>\n\t\t\t\t<\/div>\n\t\t\t\t<\/div>","protected":false},"excerpt":{"rendered":"<p>Welcome to the enchanting world of dining at Toy Story Hotel &#8211; \u73a9\u5177\u7e3d\u52d5\u54e1\u9152\u5e97, located at 360 Shendi W Rd, Pudong, Shanghai, China, 200122, within the magical realm of Shanghai Disneyland Resort. This whimsical hotel, inspired by Pixar\u2019s beloved Toy Story franchise, not only offers a playful stay but also serves up a delightful culinary experience [&hellip;]<\/p>\n","protected":false},"author":1,"featured_media":0,"parent":0,"menu_order":0,"comment_status":"closed","ping_status":"closed","template":"","meta":{"footnotes":""},"class_list":["post-612","page","type-page","status-publish","hentry","post-no-thumbnail"],"_links":{"self":[{"href":"https:\/\/toystoryhotelshanghai.com\/de\/wp-json\/wp\/v2\/pages\/612","targetHints":{"allow":["GET"]}}],"collection":[{"href":"https:\/\/toystoryhotelshanghai.com\/de\/wp-json\/wp\/v2\/pages"}],"about":[{"href":"https:\/\/toystoryhotelshanghai.com\/de\/wp-json\/wp\/v2\/types\/page"}],"author":[{"embeddable":true,"href":"https:\/\/toystoryhotelshanghai.com\/de\/wp-json\/wp\/v2\/users\/1"}],"replies":[{"embeddable":true,"href":"https:\/\/toystoryhotelshanghai.com\/de\/wp-json\/wp\/v2\/comments?post=612"}],"version-history":[{"count":0,"href":"https:\/\/toystoryhotelshanghai.com\/de\/wp-json\/wp\/v2\/pages\/612\/revisions"}],"wp:attachment":[{"href":"https:\/\/toystoryhotelshanghai.com\/de\/wp-json\/wp\/v2\/media?parent=612"}],"curies":[{"name":"wp","href":"https:\/\/api.w.org\/{rel}","templated":true}]}}