{"id":5266,"date":"2021-07-18T08:03:35","date_gmt":"2021-07-18T08:03:35","guid":{"rendered":"https:\/\/nuss.uxper.co\/luxury-resort\/?page_id=5266"},"modified":"2025-12-04T13:41:40","modified_gmt":"2025-12-04T13:41:40","slug":"uber-uns","status":"publish","type":"page","link":"https:\/\/toystoryhotelshanghai.com\/de\/about-us\/","title":{"rendered":"\u00dcber uns"},"content":{"rendered":"<div data-elementor-type=\"wp-page\" data-elementor-id=\"5266\" class=\"elementor elementor-5266\">\n\t\t\t\t\t\t<section class=\"elementor-section elementor-top-section elementor-element elementor-element-10416953 elementor-section-boxed elementor-section-gap-beside-yes elementor-section-height-default elementor-section-height-default elementor-section-column-vertical-align-stretch\" data-id=\"10416953\" data-element_type=\"section\" data-e-type=\"section\">\n\t\t\t\t\t\t<div class=\"elementor-container elementor-column-gap-extended\">\n\t\t\t\t\t<div class=\"elementor-column elementor-col-100 elementor-top-column elementor-element elementor-element-29c6aa8\" data-id=\"29c6aa8\" data-element_type=\"column\" data-e-type=\"column\">\n\t\t\t<div class=\"elementor-widget-wrap elementor-element-populated\">\n\t\t\t\t\t\t<div class=\"elementor-element elementor-element-7be18fe7 elementor-widget__width-initial elementor-invisible elementor-widget elementor-widget-text-editor\" data-id=\"7be18fe7\" data-element_type=\"widget\" data-e-type=\"widget\" data-settings=\"{&quot;_animation&quot;:&quot;nussFadeInUp&quot;}\" data-widget_type=\"text-editor.default\">\n\t\t\t\t<div class=\"elementor-widget-container\">\n\t\t\t\t\t\t\t\t\t<p>Willkommen in der wunderlichen Welt von <strong>Toy Story Hotel \u2013 \u73a9\u5177\u7e3d\u52d5\u54e1\u9152 Aliexpress<\/strong>, wo die Fantasie zum Leben erwacht und jeder Aufenthalt ein Abenteuer ist!<\/p>\t\t\t\t\t\t\t\t<\/div>\n\t\t\t\t<\/div>\n\t\t\t\t\t<\/div>\n\t\t<\/div>\n\t\t\t\t\t<\/div>\n\t\t<\/section>\n\t\t\t\t<section class=\"elementor-section elementor-top-section elementor-element elementor-element-7d18327f elementor-section-boxed elementor-section-gap-beside-yes elementor-section-height-default elementor-section-height-default elementor-section-column-vertical-align-stretch\" data-id=\"7d18327f\" data-element_type=\"section\" data-e-type=\"section\">\n\t\t\t\t\t\t<div class=\"elementor-container elementor-column-gap-extended\">\n\t\t\t\t\t<div class=\"elementor-column elementor-col-50 elementor-top-column elementor-element elementor-element-56533670\" data-id=\"56533670\" data-element_type=\"column\" data-e-type=\"column\">\n\t\t\t<div class=\"elementor-widget-wrap elementor-element-populated\">\n\t\t\t\t\t\t<div class=\"elementor-element elementor-element-19c3f543 elementor-invisible elementor-widget elementor-widget-text-editor\" data-id=\"19c3f543\" data-element_type=\"widget\" data-e-type=\"widget\" data-settings=\"{&quot;_animation&quot;:&quot;nussFadeInUp&quot;}\" data-widget_type=\"text-editor.default\">\n\t\t\t\t<div class=\"elementor-widget-container\">\n\t\t\t\t\t\t\t\t\t<p>Eingebettet im Herzen eines pulsierenden Reiseziels bringt dieses einzigartige Hotel die beliebten Charaktere und Geschichten von Disney und Pixar <em>Spielzeuggeschichte<\/em> Franchise direkt vor Ihrer Haust\u00fcr. Perfekt f\u00fcr Familien, Paare und Fans jeden Alters: Das Toy Story Hotel bietet ein umfassendes Erlebnis, das verspieltes Design, au\u00dfergew\u00f6hnliche Gastfreundschaft und unvergessliche Erinnerungen vereint.<\/p>\t\t\t\t\t\t\t\t<\/div>\n\t\t\t\t<\/div>\n\t\t\t\t\t<\/div>\n\t\t<\/div>\n\t\t\t\t<div class=\"elementor-column elementor-col-50 elementor-top-column elementor-element elementor-element-30f14127\" data-id=\"30f14127\" data-element_type=\"column\" data-e-type=\"column\">\n\t\t\t<div class=\"elementor-widget-wrap elementor-element-populated\">\n\t\t\t\t\t\t<div class=\"elementor-element elementor-element-350da02e elementor-invisible nuss-elementor-loading nuss-slide-in-left elementor-widget elementor-widget-image\" data-id=\"350da02e\" data-element_type=\"widget\" data-e-type=\"widget\" data-settings=\"{&quot;_animation&quot;:&quot;nussSlideInLeft&quot;}\" data-widget_type=\"image.default\">\n\t\t\t\t<div class=\"elementor-widget-container\">\n\t\t\t\t\t\t\t\t\t\t\t\t\t\t\t<img fetchpriority=\"high\" decoding=\"async\" width=\"989\" height=\"853\" src=\"https:\/\/toystoryhotelshanghai.com\/wp-content\/uploads\/2025\/06\/toy-story-hotel-shanghai-62.webp\" class=\"attachment-full size-full wp-image-5610\" alt=\"\" srcset=\"https:\/\/toystoryhotelshanghai.com\/wp-content\/uploads\/2025\/06\/toy-story-hotel-shanghai-62.webp 989w, https:\/\/toystoryhotelshanghai.com\/wp-content\/uploads\/2025\/06\/toy-story-hotel-shanghai-62-300x259.webp 300w, https:\/\/toystoryhotelshanghai.com\/wp-content\/uploads\/2025\/06\/toy-story-hotel-shanghai-62-768x662.webp 768w, https:\/\/toystoryhotelshanghai.com\/wp-content\/uploads\/2025\/06\/toy-story-hotel-shanghai-62-14x12.webp 14w\" sizes=\"(max-width: 989px) 100vw, 989px\" \/>\t\t\t\t\t\t\t\t\t\t\t\t\t\t\t<\/div>\n\t\t\t\t<\/div>\n\t\t\t\t\t<\/div>\n\t\t<\/div>\n\t\t\t\t\t<\/div>\n\t\t<\/section>\n\t\t\t\t<section class=\"elementor-section elementor-top-section elementor-element elementor-element-29fb8578 elementor-section-height-min-height elementor-section-stretched elementor-section-full_width elementor-section-items-stretch elementor-section-height-default elementor-section-column-vertical-align-stretch\" data-id=\"29fb8578\" data-element_type=\"section\" data-e-type=\"section\" data-settings=\"{&quot;stretch_section&quot;:&quot;section-stretched&quot;}\">\n\t\t\t\t\t\t<div class=\"elementor-container elementor-column-gap-no\">\n\t\t\t\t\t<div class=\"elementor-column elementor-col-50 elementor-top-column elementor-element elementor-element-40ac270b\" data-id=\"40ac270b\" data-element_type=\"column\" data-e-type=\"column\">\n\t\t\t<div class=\"elementor-widget-wrap elementor-element-populated\">\n\t\t\t\t\t\t<div class=\"elementor-element elementor-element-20872773 elementor-widget__width-initial elementor-widget-mobile__width-inherit elementor-invisible nuss-elementor-loading nuss-slide-in-right elementor-widget elementor-widget-image\" data-id=\"20872773\" data-element_type=\"widget\" data-e-type=\"widget\" data-settings=\"{&quot;_animation&quot;:&quot;nussSlideInRight&quot;}\" data-widget_type=\"image.default\">\n\t\t\t\t<div class=\"elementor-widget-container\">\n\t\t\t\t\t\t\t\t\t\t\t\t\t\t\t<img decoding=\"async\" width=\"1280\" height=\"853\" src=\"https:\/\/toystoryhotelshanghai.com\/wp-content\/uploads\/2025\/06\/toy-story-hotel-shanghai-60.webp\" class=\"attachment-full size-full wp-image-5608\" alt=\"\" srcset=\"https:\/\/toystoryhotelshanghai.com\/wp-content\/uploads\/2025\/06\/toy-story-hotel-shanghai-60.webp 1280w, https:\/\/toystoryhotelshanghai.com\/wp-content\/uploads\/2025\/06\/toy-story-hotel-shanghai-60-300x200.webp 300w, https:\/\/toystoryhotelshanghai.com\/wp-content\/uploads\/2025\/06\/toy-story-hotel-shanghai-60-1024x682.webp 1024w, https:\/\/toystoryhotelshanghai.com\/wp-content\/uploads\/2025\/06\/toy-story-hotel-shanghai-60-768x512.webp 768w, https:\/\/toystoryhotelshanghai.com\/wp-content\/uploads\/2025\/06\/toy-story-hotel-shanghai-60-18x12.webp 18w\" sizes=\"(max-width: 1280px) 100vw, 1280px\" \/>\t\t\t\t\t\t\t\t\t\t\t\t\t\t\t<\/div>\n\t\t\t\t<\/div>\n\t\t\t\t\t<\/div>\n\t\t<\/div>\n\t\t\t\t<div class=\"elementor-column elementor-col-50 elementor-top-column elementor-element elementor-element-2dac103\" data-id=\"2dac103\" data-element_type=\"column\" data-e-type=\"column\">\n\t\t\t<div class=\"elementor-widget-wrap elementor-element-populated\">\n\t\t\t\t\t\t<div class=\"elementor-element elementor-element-6f1b8966 elementor-invisible elementor-widget elementor-widget-text-editor\" data-id=\"6f1b8966\" data-element_type=\"widget\" data-e-type=\"widget\" data-settings=\"{&quot;_animation&quot;:&quot;nussFadeInUp&quot;}\" data-widget_type=\"text-editor.default\">\n\t\t\t\t<div class=\"elementor-widget-container\">\n\t\t\t\t\t\t\t\t\t<p>Betreten Sie das Hotel wie eine \u00fcberlebensgro\u00dfe Spielzeugkiste. Jede Ecke spr\u00fcht vor nostalgischem Charme und leuchtenden Farben, inspiriert von Woody, Buzz Lightyear, Jessie und der ganzen Bande. Schon beim Einchecken f\u00fchlen Sie sich wie ein Spielzeug, umgeben von \u00fcbergro\u00dfen M\u00f6beln, verspieltem Dekor und Themenzimmern, die Sie direkt in Andys Schlafzimmer versetzen. Ob Sie Fotos mit ikonischen Figurenstatuen schie\u00dfen oder die interaktiven Spielbereiche des Hotels erkunden \u2013 Spa\u00df ist garantiert.<\/p><p>Das Toy Story Hotel \u2013 \u73a9\u5177\u7e3d\u52d5\u54e1\u9152\u5e97 liegt im magischen Reich des Shanghai Disney Resorts, nur wenige Schritte vom aufregenden Disneyland Park entfernt und ist somit der ideale Ausgangspunkt f\u00fcr Ihr Disney-Abenteuer. Nach einem aufregenden Tag im Park kehren Sie in den Komfort unserer familienfreundlichen Unterk\u00fcnfte zur\u00fcck, in denen jedes Detail \u2013 von der Bettw\u00e4sche bis zur Wandkunst \u2013 den herzerw\u00e4rmenden Geist von <em>Spielzeuggeschichte<\/em>. G\u00f6nnen Sie sich Themen-Speiseerlebnisse, die Kinder und Erwachsene gleicherma\u00dfen begeistern, oder entspannen Sie sich in unseren Freizeiteinrichtungen, die daf\u00fcr konzipiert sind, dass der Spa\u00df auch nach Schlie\u00dfung der Parktore weitergeht.<\/p>\t\t\t\t\t\t\t\t<\/div>\n\t\t\t\t<\/div>\n\t\t\t\t\t<\/div>\n\t\t<\/div>\n\t\t\t\t\t<\/div>\n\t\t<\/section>\n\t\t\t\t<section class=\"elementor-section elementor-top-section elementor-element elementor-element-f862fed elementor-section-height-min-height elementor-section-stretched elementor-section-full_width elementor-section-items-stretch elementor-section-height-default elementor-section-column-vertical-align-stretch\" data-id=\"f862fed\" data-element_type=\"section\" data-e-type=\"section\" data-settings=\"{&quot;stretch_section&quot;:&quot;section-stretched&quot;}\">\n\t\t\t\t\t\t<div class=\"elementor-container elementor-column-gap-no\">\n\t\t\t\t\t<div class=\"elementor-column elementor-col-50 elementor-top-column elementor-element elementor-element-4e83c19\" data-id=\"4e83c19\" data-element_type=\"column\" data-e-type=\"column\">\n\t\t\t<div class=\"elementor-widget-wrap elementor-element-populated\">\n\t\t\t\t\t\t<div class=\"elementor-element elementor-element-f1c6c14 elementor-invisible elementor-widget elementor-widget-text-editor\" data-id=\"f1c6c14\" data-element_type=\"widget\" data-e-type=\"widget\" data-settings=\"{&quot;_animation&quot;:&quot;nussFadeInUp&quot;}\" data-widget_type=\"text-editor.default\">\n\t\t\t\t<div class=\"elementor-widget-container\">\n\t\t\t\t\t\t\t\t\t<p>Was das Toy Story Hotel so besonders macht, ist sein Engagement f\u00fcr einen unvergesslichen Aufenthalt. Jedes Zimmer ist sorgf\u00e4ltig gestaltet, damit Sie sich wie ein Teil der Geschichte f\u00fchlen, mit verspielten Details wie Annehmlichkeiten zum Thema Spielzeug und \u00dcberraschungen an jeder Ecke. Unser engagiertes Personal sorgt daf\u00fcr, dass Ihr Besuch einfach magisch wird, und bietet Ihnen pers\u00f6nlichen Service, um Ihren Familienurlaub oder Ihre romantische Auszeit zu etwas ganz Besonderem zu machen.<\/p><p>Neben der bezaubernden Atmosph\u00e4re ist das Toy Story Hotel \u2013 \u73a9\u5177\u7e3d\u52d5\u54e1\u9152\u5e97 auch ein Tor zu den Wundern des Shanghai Disney Resorts. Mit exklusiven Vorteilen f\u00fcr Hotelg\u00e4ste, wie fr\u00fchem Parkzugang und bequemem Transport, haben Sie alles, was Sie f\u00fcr ein optimales Disney-Erlebnis brauchen. Ob Sie eine einmalige Reise oder einen spontanen Wochenendausflug planen, unser Hotel verspricht einen Aufenthalt voller Lachen, Freude und der zeitlosen Magie von <em>Spielzeuggeschichte<\/em>.<\/p><p>Buchen Sie noch heute Ihren Aufenthalt im Toy Story Hotel und begeben Sie sich auf eine Reise \u201ebis in die Unendlichkeit und dar\u00fcber hinaus\u201c! Entdecken Sie, warum dieses einzigartige Reiseziel die perfekte Wahl f\u00fcr Disney-Fans und Abenteuerlustige gleicherma\u00dfen ist. Wir begr\u00fc\u00dfen Sie in einer Welt, in der Spielzeuge zum Leben erwachen und jeder Moment eine unvergessliche Erinnerung ist.<\/p>\t\t\t\t\t\t\t\t<\/div>\n\t\t\t\t<\/div>\n\t\t\t\t\t<\/div>\n\t\t<\/div>\n\t\t\t\t<div class=\"elementor-column elementor-col-50 elementor-top-column elementor-element elementor-element-0871cf1\" data-id=\"0871cf1\" data-element_type=\"column\" data-e-type=\"column\">\n\t\t\t<div class=\"elementor-widget-wrap elementor-element-populated\">\n\t\t\t\t\t\t<div class=\"elementor-element elementor-element-a5e7108 elementor-widget__width-initial elementor-widget-mobile__width-inherit elementor-invisible nuss-elementor-loading nuss-slide-in-right elementor-widget elementor-widget-image\" data-id=\"a5e7108\" data-element_type=\"widget\" data-e-type=\"widget\" data-settings=\"{&quot;_animation&quot;:&quot;nussSlideInRight&quot;}\" data-widget_type=\"image.default\">\n\t\t\t\t<div class=\"elementor-widget-container\">\n\t\t\t\t\t\t\t\t\t\t\t\t\t\t\t<img decoding=\"async\" width=\"1280\" height=\"853\" src=\"https:\/\/toystoryhotelshanghai.com\/wp-content\/uploads\/2025\/06\/toy-story-hotel-shanghai-12.webp\" class=\"attachment-full size-full wp-image-5559\" alt=\"\" srcset=\"https:\/\/toystoryhotelshanghai.com\/wp-content\/uploads\/2025\/06\/toy-story-hotel-shanghai-12.webp 1280w, https:\/\/toystoryhotelshanghai.com\/wp-content\/uploads\/2025\/06\/toy-story-hotel-shanghai-12-300x200.webp 300w, https:\/\/toystoryhotelshanghai.com\/wp-content\/uploads\/2025\/06\/toy-story-hotel-shanghai-12-1024x682.webp 1024w, https:\/\/toystoryhotelshanghai.com\/wp-content\/uploads\/2025\/06\/toy-story-hotel-shanghai-12-768x512.webp 768w, https:\/\/toystoryhotelshanghai.com\/wp-content\/uploads\/2025\/06\/toy-story-hotel-shanghai-12-18x12.webp 18w\" sizes=\"(max-width: 1280px) 100vw, 1280px\" \/>\t\t\t\t\t\t\t\t\t\t\t\t\t\t\t<\/div>\n\t\t\t\t<\/div>\n\t\t\t\t\t<\/div>\n\t\t<\/div>\n\t\t\t\t\t<\/div>\n\t\t<\/section>\n\t\t\t\t<\/div>","protected":false},"excerpt":{"rendered":"<p>Welcome to the whimsical world of Toy Story Hotel &#8211; \u73a9\u5177\u7e3d\u52d5\u54e1\u9152\u5e97, where imagination comes to life and every stay is an adventure! Nestled in the heart of a vibrant destination, this one-of-a-kind hotel brings the beloved characters and stories of Disney and Pixar\u2019s Toy Story franchise right to your doorstep. Perfect for families, couples, and [&hellip;]<\/p>\n","protected":false},"author":1,"featured_media":0,"parent":0,"menu_order":0,"comment_status":"closed","ping_status":"closed","template":"","meta":{"footnotes":""},"class_list":["post-5266","page","type-page","status-publish","hentry","post-no-thumbnail"],"_links":{"self":[{"href":"https:\/\/toystoryhotelshanghai.com\/de\/wp-json\/wp\/v2\/pages\/5266","targetHints":{"allow":["GET"]}}],"collection":[{"href":"https:\/\/toystoryhotelshanghai.com\/de\/wp-json\/wp\/v2\/pages"}],"about":[{"href":"https:\/\/toystoryhotelshanghai.com\/de\/wp-json\/wp\/v2\/types\/page"}],"author":[{"embeddable":true,"href":"https:\/\/toystoryhotelshanghai.com\/de\/wp-json\/wp\/v2\/users\/1"}],"replies":[{"embeddable":true,"href":"https:\/\/toystoryhotelshanghai.com\/de\/wp-json\/wp\/v2\/comments?post=5266"}],"version-history":[{"count":0,"href":"https:\/\/toystoryhotelshanghai.com\/de\/wp-json\/wp\/v2\/pages\/5266\/revisions"}],"wp:attachment":[{"href":"https:\/\/toystoryhotelshanghai.com\/de\/wp-json\/wp\/v2\/media?parent=5266"}],"curies":[{"name":"wp","href":"https:\/\/api.w.org\/{rel}","templated":true}]}}